{"id":1446,"date":"2018-08-09T10:22:10","date_gmt":"2018-08-09T08:22:10","guid":{"rendered":"https:\/\/spie-wirliebenkabel.de\/datenschutz\/"},"modified":"2023-02-17T10:52:13","modified_gmt":"2023-02-17T09:52:13","slug":"data-protection","status":"publish","type":"page","link":"https:\/\/spie-wirliebenkabel.de\/en\/data-protection\/","title":{"rendered":"Data protection"},"content":{"rendered":"<div id=\"pl-1446\"  class=\"panel-layout\" ><div id=\"pg-1446-0\"  class=\"panel-grid panel-has-style\" ><div class=\"siteorigin-panels-stretch panel-row-style panel-row-style-for-1446-0\" data-stretch-type=\"full\" ><div id=\"pgc-1446-0-0\"  class=\"panel-grid-cell\" ><div id=\"panel-1446-0-0-0\" class=\"so-panel widget widget_sow-editor panel-first-child panel-last-child\" data-index=\"0\" ><div\n\t\t\t\n\t\t\tclass=\"so-widget-sow-editor so-widget-sow-editor-base\"\n\t\t\t\n\t\t>\n<div class=\"siteorigin-widget-tinymce textwidget\">\n\t<h1 class=\"grey\">Datenschutz<\/h1>\n<\/div>\n<\/div><\/div><\/div><\/div><\/div><div id=\"pg-1446-1\"  class=\"panel-grid panel-has-style\" ><div class=\"uk-margin-large-bottom panel-row-style panel-row-style-for-1446-1\" ><div id=\"pgc-1446-1-0\"  class=\"panel-grid-cell\" ><div id=\"panel-1446-1-0-0\" class=\"so-panel widget widget_sow-editor panel-first-child panel-last-child\" data-index=\"1\" ><div\n\t\t\t\n\t\t\tclass=\"so-widget-sow-editor so-widget-sow-editor-base\"\n\t\t\t\n\t\t>\n<div class=\"siteorigin-widget-tinymce textwidget\">\n\t<hr \/>\n<h4><strong>Verantwortlicher f\u00fcr den Datenschutz<\/strong><\/h4>\n<p>Der Verantwortliche im Sinne der Datenschutz-Grundverordnung und anderer nationaler Datenschutzgesetze der Mitgliedsstaaten sowie sonstiger datenschutzrechtlicher Bestimmungen ist die:<\/p>\n<p>SPIE WirliebenKabel GmbH<br \/>\nHohe Str. 125 a<br \/>\nD-07937 Zeulenroda-Triebes Tel.: (+49) 03 66 28 \u2013 95 90 90<br \/>\nE-Mail: <a href=\"mailto:kts@wirliebenkabel.de\">kts@wirliebenkabel.de <\/a><br \/>\nWebseite: <a href=\"http:\/\/spie-wirliebenkabel.de\">www.wirliebenkabel.de<\/a><\/p>\n<hr \/>\n<h4><strong>Name und Anschrift des Datenschutzbeauftragten<\/strong><\/h4>\n<p><span class=\"black\">EDV Berater Dipl.-Ing. Thomas Heidrich<\/span><br \/>\nK\u00fchbergsflur 22<br \/>\n07950 Zeulenroda-Triebes<br \/>\nE-Mail: <a href=\"mailto:datenschutz@wirliebenkabel.de.de\">datenschutz@wirliebenkabel.de.de<\/a><\/p>\n<hr \/>\n<h4><strong>Name und Anschrift des Datenschutzbeauftragten<\/strong><\/h4>\n<p>Dieser Internetauftritt wird von der wirliebenKabel GmbH betrieben. Die Nutzung der Seiten ist ohne Angabe personenbezogener Daten m\u00f6glich.<\/p>\n<p>Innerhalb des Internetangebotes besteht die M\u00f6glichkeit zur Eingabe pers\u00f6nlicher oder gesch\u00e4ftlicher Daten (Emailadressen, Namen, Anschriften). Die Preisgabe dieser Daten erfolgt seitens des Nutzers auf ausdr\u00fccklich freiwilliger Basis.<\/p>\n<p>Wir verwenden Ihre Bestandsdaten ausschlie\u00dflich zur Abwicklung Ihrer Anfrage und zur Bearbeitung Ihrer Auftr\u00e4ge. Alle dazu notwendigen Kundendaten werden unter Beachtung der einschl\u00e4gigen Vorschriften der EU-Datenschutzgrundverordnung (DSGVO) von uns gespeichert und verarbeitet.<\/p>\n<p>Bei der Verarbeitung von personenbezogenen Daten, die zur Erf\u00fcllung eines Auftrages erforderlich sind, dient Art. 6 Abs. 1 lit. b DSGVO als Rechtsgrundlage. Dies gilt auch f\u00fcr Verarbeitungsvorg\u00e4nge, die zur Durchf\u00fchrung eines Auftrages erforderlich sind.<\/p>\n<p>Sie haben jederzeit ein Recht auf kostenlose Auskunft, Berichtigung, Sperrung, Einschr\u00e4nkung der Verarbeitung und L\u00f6schung Ihrer gespeicherten personenbezogenen Daten. Bitte wenden Sie sich an uns.<\/p>\n<p>Wir geben Ihre personenbezogenen Daten einschlie\u00dflich Ihrer Haus-Adresse und E-Mail-Adresse nicht ohne Ihre ausdr\u00fcckliche und jederzeit widerrufliche Einwilligung an Dritte weiter. Ausgenommen hiervon sind unsere Dienstleistungspartner, die zur Auftragsabwicklung die \u00dcbermittlung von Daten ben\u00f6tigen (z.B. ein mit der Lieferung beauftragtes Versandunternehmen oder Partner, die mit der Bearbeitung Ihres Auftrages in Zusammenarbeit oder als Subunternehmer beauftragt werden).<\/p>\n<p>In diesen F\u00e4llen beschr\u00e4nkt sich der Umfang der \u00fcbermittelten Daten jedoch nur auf das erforderliche Minimum. Wir setzen technische und organisatorische Sicherheitsma\u00dfnahmen ein, um Ihre durch uns verwalteten Daten gegen zuf\u00e4llige oder vors\u00e4tzliche Manipulationen, Verlust, Zerst\u00f6rung oder gegen den Zugriff unberechtigter Personen zu sch\u00fctzen.<\/p>\n<p>Die Inanspruchnahme aller angebotenen Dienste ist \u2013 soweit technisch m\u00f6glich und zumutbar \u2013 auch ohne Angabe solcher Daten bzw. unter Angabe anonymisierter Daten oder eines Pseudonyms gestattet. Die Nutzung der im Rahmen des Impressums oder vergleichbarer Angaben ver\u00f6ffentlichten Kontaktdaten wie Postanschriften, Telefon- und Faxnummern sowie Emailadressen durch Dritte zur \u00dcbersendung von nicht ausdr\u00fccklich angeforderten Informationen ist nicht gestattet. Rechtliche Schritte gegen die Versender von sogenannten Spam-Mails bei Verst\u00f6\u00dfen gegen dieses Verbot sind ausdr\u00fccklich vorbehalten.<\/p>\n<p>Bei jedem Aufruf unserer Internetseite erfasst unser Serviceprovider automatisiert Daten und Informationen vom Computersystem des aufrufenden Rechners. Folgende Daten werden hierbei erhoben:<\/p>\n<p>\u2013 Informationen \u00fcber den Browsertyp und die verwendete Version<br \/>\n\u2013 Besuchte Website<br \/>\n\u2013 Datum und Uhrzeit zum Zeitpunkt des Zugriffes<br \/>\n\u2013 Menge der gesendeten Daten in Byte<br \/>\n\u2013 Quelle\/Verweis, von welchem Sie auf die Seite gelangten<br \/>\n\u2013 Den Internet-Service-Provider des Nutzers<br \/>\n\u2013 Verwendeter Browser<br \/>\n\u2013 Verwendetes Betriebssystem<br \/>\n\u2013 Verwendete IP-Adresse<\/p>\n<p>Die Daten werden \u201eServer-Logfiles\u201c gespeichert. Eine Speicherung dieser Daten zusammen mit anderen personenbezogenen Daten des Nutzers findet nicht statt.<\/p>\n<p>Rechtsgrundlage f\u00fcr die vor\u00fcbergehende Speicherung der Daten und der Logfiles ist Art. 6 Abs. 1 lit. f DSGVO.<\/p>\n<p>Die vor\u00fcbergehende Speicherung der IP-Adresse durch das System ist notwendig, um eine Auslieferung der Website an den Rechner des Nutzers zu erm\u00f6glichen. Hierf\u00fcr muss die IP-Adresse des Nutzers f\u00fcr die Dauer der Sitzung gespeichert bleiben.<\/p>\n<p>Die Speicherung in Logfiles erfolgt, um die Funktionsf\u00e4higkeit der Website sicherzustellen. Zudem dienen uns die Daten zur Optimierung der Website und zur Sicherstellung der Sicherheit unserer informationstechnischen Systeme. Eine Auswertung der Daten zu Marketingzwecken findet in diesem Zusammenhang nicht statt.<\/p>\n<p>In diesen Zwecken liegt auch unser berechtigtes Interesse an der Datenverarbeitung nach Art. 6 Abs. 1 lit. f DSGVO. Die Daten werden gel\u00f6scht, sobald sie f\u00fcr die Erreichung des Zweckes ihrer Erhebung nicht mehr erforderlich sind.<br \/>\nDie Erfassung der Daten zur Bereitstellung der Website und die Speicherung der Daten in Logfiles ist f\u00fcr den Betrieb der Internetseite zwingend erforderlich. Es besteht folglich seitens des Nutzers keine Widerspruchsm\u00f6glichkeit.<\/p>\n<p>Diese Website benutzt Google Analytics, einen Webanalysedienst der Google Inc. (\u201eGoogle\u201c). Google Analytics verwendet sog.<br \/>\n\u201eCookies\u201c, Textdateien, die auf Ihrem Computer gespeichert werden und die eine Analyse der Benutzung der Website durch Sie erm\u00f6glichen. Die durch den Cookie erzeugten Informationen \u00fcber Ihre Benutzung dieser Website werden in der Regel an<br \/>\neinen Server von Google in den USA \u00fcbertragen und dort gespeichert. Im Falle der Aktivierung der IP-Anonymisierung auf dieser Webseite, wird Ihre IP-Adresse von Google jedoch innerhalb von Mitgliedstaaten der Europ\u00e4ischen Union oder in anderen Vertragsstaaten des Abkommens \u00fcber den Europ\u00e4ischen Wirtschaftsraum zuvor gek\u00fcrzt. Nur in Ausnahmef\u00e4llen wird die volle IP-Adresse an einen Server von Google in den USA \u00fcbertragen und dort gek\u00fcrzt. Im Auftrag des Betreibers dieser Website wird Google diese Informationen benutzen, um Ihre Nutzung der Website auszuwerten, um Reports \u00fcber die Websiteaktivit\u00e4ten zusammenzustellen und um weitere mit der Websitenutzung und der Internetnutzung verbundene Dienstleistungen gegen\u00fcber dem Websitebetreiber zu erbringen. Die im Rahmen von Google Analytics von Ihrem Browser \u00fcbermittelte IP-Adresse wird nicht<br \/>\nmit anderen Daten von Google zusammengef\u00fchrt. Sie k\u00f6nnen die Speicherung der Cookies durch eine entsprechende Einstellung Ihrer Browser-Software verhindern; wir weisen Sie jedoch darauf hin, dass Sie in diesem Fall gegebenenfalls nicht s\u00e4mtliche Funktionen dieser Website vollumf\u00e4nglich werden nutzen k\u00f6nnen. Sie k\u00f6nnen dar\u00fcber hinaus die Erfassung der durch das<br \/>\nCookie erzeugten und auf Ihre Nutzung der Website bezogenen Daten (inkl. Ihrer IP-Adresse) an Google sowie die Verarbeitung dieser Daten durch Google verhindern, indem sie das unter dem folgenden Link verf\u00fcgbare Browser-Plugin herunterladen<br \/>\nund installieren (Der aktuelle Link ist: <a href=\"https:\/\/tools.google.com\/dlpage\/gaoptout?hl=de\" target=\"_blank\" rel=\"noopener\">https:\/\/tools.google.com\/dlpage\/gaoptout?hl=de<\/a>). Angesichts der Diskussion um den Einsatz von Analysetools mit vollst\u00e4ndigen IP-Adressen m\u00f6chten wir darauf hinweisen, dass diese Website Google Analytics mit der Erweiterung \u201e_anonymizeIp()\u201c verwendet und daher IP-Adressen nur gek\u00fcrzt weiterverarbeitet werden, um eine direkte Personenbeziehbarkeit auszuschlie\u00dfen.<\/p>\n<p>[borlabs-cookie id=\"google-analytics\" type=\"btn-switch-consent\"\/]<\/p>\n<p>Diese Website verwendet Facebook Social Plugins, welches von der Facebook Inc. (1 Hacker Way, Menlo Park, California 94025, USA) betrieben wird. Erkennbar sind die Einbindungen an dem Facebook-Logo bzw. an den Begriffen \u201eLike\u201c, \u201eGef\u00e4llt mir\u201c, \u201eTeilen\u201c in den Farben Facebooks (Blau und Wei\u00df). Das Plugin stellt eine direkte Verbindung zwischen Ihrem Browser und den Facebook- Servern her. Der Websitebetreiber hat keinerlei Einfluss auf die Natur und den Umfang der Daten, welche das Plugin an die Server der Facebook Inc. \u00fcbermittelt.<br \/>\nDas Plugin informiert die Facebook Inc. dar\u00fcber, dass Sie Nutzer diese Website besucht hat. Es besteht hierbei die M\u00f6glichkeit, dass Ihre IP-Adresse gespeichert wird. Sind Sie w\u00e4hrend des Besuchs auf dieser Website in Ihrem Facebook-Konto eingeloggt, werden die genannten Informationen mit diesem verkn\u00fcpft. Nutzen Sie die Funktionen des Plugins \u2013 etwa indem Sie einen Beitrag teilen oder \u201eliken\u201c \u2013 werden die entsprechenden Informationen ebenfalls an die Facebook Inc. \u00fcbermittelt. M\u00f6chten Sie verhindern, dass die Facebook. Inc. diese Daten mit Ihrem Facebook-Konto verkn\u00fcpft, loggen Sie sich bitte vor dem Besuch dieser Website bei Facebook aus.    <a onclick=\"alert('Die Facebook-Pixel-Funktionen wurden deaktiviert - Die Seite neu laden');\" href=\"javascript:fpOptout()\">Facebook-Pixel-Funktionen deaktivieren<\/a>\n   <\/p>\n<p>[borlabs-cookie id=\"facebook-pixel\" type=\"btn-switch-consent\"\/]<\/p>\n<p>Cookie Einstellungen bearbeiten: [borlabs-cookie type=\"btn-cookie-preference\" title=\"Einstellungen anpassen\" element=\"link\"\/]<\/p>\n<hr \/>\n<h4><strong>Verweise und Links<\/strong><\/h4>\n<p>Bei direkten oder indirekten Verweisen auf fremde Webseiten (\u201eHyperlinks\u201c), liegen die Inhalte dieser Webseiten au\u00dferhalb unseres Verantwortungsbereiches. F\u00fcr die Inhalte der fremden Webseiten \u00fcbernehmen wir keinerlei Haftungsverpflichtung.<\/p>\n<p>Der Autor erkl\u00e4rt hiermit ausdr\u00fccklich, dass zum Zeitpunkt der Linksetzung keine illegalen Inhalte auf den zu verlinkenden Seiten erkennbar waren. Auf die aktuelle und zuk\u00fcnftige Gestaltung, die Inhalte oder die Urheberschaft der verlinkten\/ verkn\u00fcpften Seiten hat der Autor keinerlei Einfluss. Deshalb distanziert er sich hiermit ausdr\u00fccklich von allen Inhalten aller verlinkten \/verkn\u00fcpften Seiten, die nach der Linksetzung ver\u00e4ndert wurden. Diese Feststellung gilt f\u00fcr alle innerhalb des eigenen Internetangebotes gesetzten Links und Verweise sowie f\u00fcr Fremdeintr\u00e4ge in vom Autor eingerichteten G\u00e4steb\u00fcchern, Diskussionsforen, Linkverzeichnissen, Mailinglisten und in allen anderen Formen von Datenbanken, auf deren Inhalt externe Schreibzugriffe m\u00f6glich sind. F\u00fcr illegale, fehlerhafte oder unvollst\u00e4ndige Inhalte und insbesondere f\u00fcr Sch\u00e4den, die aus der Nutzung oder Nichtnutzung solcherart dargebotener Informationen entstehen, haftet allein der Anbieter der Seite, auf welche verwiesen wurde, nicht derjenige, der \u00fcber Links auf die jeweilige Ver\u00f6ffentlichung lediglich verweist.<\/p>\n<hr \/>\n<h4><strong>Urheber- und Kennzeichenrecht<\/strong><\/h4>\n<p>Der Autor ist bestrebt, in allen Publikationen die Urheberrechte der verwendeten Grafiken, Tondokumente, Videosequenzen und Texte zu beachten, von ihm selbst erstellte Grafiken, Tondokumente, Videosequenzen und Texte zu nutzen oder auf lizenzfreie Grafiken, Tondokumente, Videosequenzen und Texte zur\u00fcckzugreifen.<\/p>\n<p>Alle innerhalb des Internetangebotes genannten und ggf. durch Dritte gesch\u00fctzten Marken- und Warenzeichen unterliegen uneingeschr\u00e4nkt den Bestimmungen des jeweils g\u00fcltigen Kennzeichenrechts und den Besitzrechten der jeweiligen eingetragenen Eigent\u00fcmer. Allein aufgrund der blo\u00dfen Nennung ist nicht der Schluss zu ziehen, dass Markenzeichen nicht durch Rechte Dritter gesch\u00fctzt sind!<\/p>\n<p>Das Copyright f\u00fcr ver\u00f6ffentlichte, vom Autor selbst erstellte Objekte bleibt allein beim Autor der Seiten. Eine Vervielf\u00e4ltigung oder Verwendung solcher Grafiken, Tondokumente, Videosequenzen und Texte in anderen elektronischen oder gedruckten Publikationen ist ohne ausdr\u00fcckliche Zustimmung des Autors nicht gestattet.<\/p>\n<p>Die Nutzung der im Rahmen des Impressums oder vergleichbarer Angaben ver\u00f6ffentlichten Kontaktdaten wie Postanschriften, Telefon- und Faxnummern sowie Emailadressen durch Dritte zur \u00dcbersendung von nicht ausdr\u00fccklich angeforderten Informationen ist nicht gestattet. Rechtliche Schritte gegen die Versender von sogenannten Spam-Mails bei Verst\u00f6\u00dfen gegen dieses Verbot sind ausdr\u00fccklich vorbehalten.<\/p>\n<\/div>\n<\/div><\/div><\/div><\/div><\/div><\/div>","protected":false},"excerpt":{"rendered":"<p>Datenschutz Verantwortlicher f\u00fcr den Datenschutz Der Verantwortliche im Sinne der Datenschutz-Grundverordnung und anderer nationaler Datenschutzgesetze der Mitgliedsstaaten sowie sonstiger datenschutzrechtlicher Bestimmungen ist die: Hohe Str. 125 a D-07937 Zeulenroda-Triebes Tel.: (+49) 03 66 28 \u2013 95 90 90 E-Mail: kts@wirliebenkabel.de Webseite: www.wirliebenkabel.de Name und Anschrift des Datenschutzbeauftragten EDV Berater Dipl.-Ing. Thomas Heidrich K\u00fchbergsflur 22 07950 [&hellip;]<\/p>\n","protected":false},"author":1,"featured_media":0,"parent":0,"menu_order":0,"comment_status":"closed","ping_status":"closed","template":"","meta":{"_acf_changed":false,"inline_featured_image":false,"footnotes":""},"class_list":["post-1446","page","type-page","status-publish","hentry"],"acf":[],"_links":{"self":[{"href":"https:\/\/spie-wirliebenkabel.de\/en\/wp-json\/wp\/v2\/pages\/1446","targetHints":{"allow":["GET"]}}],"collection":[{"href":"https:\/\/spie-wirliebenkabel.de\/en\/wp-json\/wp\/v2\/pages"}],"about":[{"href":"https:\/\/spie-wirliebenkabel.de\/en\/wp-json\/wp\/v2\/types\/page"}],"author":[{"embeddable":true,"href":"https:\/\/spie-wirliebenkabel.de\/en\/wp-json\/wp\/v2\/users\/1"}],"replies":[{"embeddable":true,"href":"https:\/\/spie-wirliebenkabel.de\/en\/wp-json\/wp\/v2\/comments?post=1446"}],"version-history":[{"count":3,"href":"https:\/\/spie-wirliebenkabel.de\/en\/wp-json\/wp\/v2\/pages\/1446\/revisions"}],"predecessor-version":[{"id":4452,"href":"https:\/\/spie-wirliebenkabel.de\/en\/wp-json\/wp\/v2\/pages\/1446\/revisions\/4452"}],"wp:attachment":[{"href":"https:\/\/spie-wirliebenkabel.de\/en\/wp-json\/wp\/v2\/media?parent=1446"}],"curies":[{"name":"wp","href":"https:\/\/api.w.org\/{rel}","templated":true}]}}