{"id":1453,"date":"2018-08-09T15:50:04","date_gmt":"2018-08-09T13:50:04","guid":{"rendered":"https:\/\/spie-wirliebenkabel.de\/fke\/"},"modified":"2019-05-06T16:07:07","modified_gmt":"2019-05-06T14:07:07","slug":"fke","status":"publish","type":"page","link":"https:\/\/spie-wirliebenkabel.de\/pl\/fke\/","title":{"rendered":"Bereich Nord-Ost"},"content":{"rendered":"<div id=\"pl-1453\"  class=\"panel-layout\" ><div id=\"pg-1453-0\"  class=\"panel-grid panel-no-style\" ><div id=\"pgc-1453-0-0\"  class=\"panel-grid-cell\" ><div id=\"panel-1453-0-0-0\" class=\"so-panel widget widget_sow-editor panel-first-child panel-last-child\" data-index=\"0\" ><div class=\"uk-padding panel-widget-style panel-widget-style-for-1453-0-0-0\" ><div\n\t\t\t\n\t\t\tclass=\"so-widget-sow-editor so-widget-sow-editor-base\"\n\t\t\t\n\t\t>\n<div class=\"siteorigin-widget-tinymce textwidget\">\n\t<h3><strong><span class=\"uk-text-primary\">Unsere Netze bestehen aus Qualit\u00e4t und Kompetenz<br \/>\n<\/span><\/strong><\/h3>\n<p>Seit 1965 stehen wir f\u00fcr h\u00f6chste Kompetenz im Tief- und Leitungsbau. Unser regionaler Schwerpunkt ist Schleswig-Holstein, hier z\u00e4hlen wir zu den f\u00fchrenden Anbietern und sind fl\u00e4chendeckend pr\u00e4sent \u2013 mit umfassenden Leistungen bei der Verlegung und Wartung von Kupferkabeln, Glasfaser- und Energienetzen. Seit August 2018 ist die FKE mit der WirliebenKabel GmbH verschmolzen und b\u00fcndelt damit die Kompetenzen im Norden und S\u00fcden, im Osten un Westen, so dass die Gesellschaft nun bundesweit aufgestellt ist<\/p>\n<p><a class=\"uk-button uk-button-default\" href=\"https:\/\/spie-wirliebenkabel.de\/leistungen\/\">Mehr<\/a><\/p>\n<\/div>\n<\/div><\/div><\/div><\/div><div id=\"pgc-1453-0-1\"  class=\"panel-grid-cell\" ><div id=\"panel-1453-0-1-0\" class=\"so-panel widget widget_sow-editor panel-first-child panel-last-child\" data-index=\"1\" ><div class=\"uk-padding panel-widget-style panel-widget-style-for-1453-0-1-0\" ><div\n\t\t\t\n\t\t\tclass=\"so-widget-sow-editor so-widget-sow-editor-base\"\n\t\t\t\n\t\t>\n<div class=\"siteorigin-widget-tinymce textwidget\">\n\t<h3><strong><span class=\"uk-text-primary\">Zuverl\u00e4ssig und leistungsstark in allen Phasen<\/span><\/strong><\/h3>\n<p>Von der Planung bis zur Betriebssicherung: Wir sind die Spezialisten f\u00fcr erstklassige Netzwerke. Als Generalunternehmer betreuen wir alle relevanten Phasen der Projektabwicklung \u2013 mit t\u00e4glichem und effizientem Controlling. Wir decken damit nicht nur die operative Durchf\u00fchrung des Bauvorhabens ab, sondern interagieren mit allen relevanten Stellen f\u00fcr eine optimale Planung und Durchf\u00fchrung des Projektes. Wir k\u00f6nnen mithilfe unseres modernen Geodatenmoddelings Wegesicherung, Leitungspl\u00e4ne usw. simulieren.<\/p>\n<p><a class=\"uk-button uk-button-default\" href=\"https:\/\/spie-wirliebenkabel.de\/leistungen\/\">Mehr<\/a><\/p>\n<\/div>\n<\/div><\/div><\/div><\/div><\/div><div id=\"pg-1453-1\"  class=\"panel-grid panel-has-style\" ><div class=\"uk-height-large  siteorigin-panels-stretch panel-row-style panel-row-style-for-1453-1\" data-stretch-type=\"full\" ><div id=\"pgc-1453-1-0\"  class=\"panel-grid-cell panel-grid-cell-mobile-last\" ><div class=\"uk-position-relative uk-height-1-1 panel-cell-style panel-cell-style-for-1453-1-0\" ><div id=\"panel-1453-1-0-0\" class=\"so-panel widget widget_sow-editor panel-first-child panel-last-child\" data-index=\"2\" ><div class=\"uk-light uk-padding orange-transparent-box uk-position-bottom panel-widget-style panel-widget-style-for-1453-1-0-0\" ><div\n\t\t\t\n\t\t\tclass=\"so-widget-sow-editor so-widget-sow-editor-base\"\n\t\t\t\n\t\t>\n<div class=\"siteorigin-widget-tinymce textwidget\">\n\t<h2><strong>Mit uns haben Sie volle Leistung\u00a0 <\/strong><br \/>\naus einer Hand<\/h2>\n<\/div>\n<\/div><\/div><\/div><\/div><\/div><div id=\"pgc-1453-1-1\"  class=\"panel-grid-cell panel-grid-cell-empty\" ><div class=\"uk-position-relative uk-height-1-1 panel-cell-style panel-cell-style-for-1453-1-1\" ><\/div><\/div><\/div><\/div><div id=\"pg-1453-2\"  class=\"panel-grid panel-has-style\" ><div class=\"siteorigin-panels-stretch panel-row-style panel-row-style-for-1453-2\" data-stretch-type=\"full\" ><div id=\"pgc-1453-2-0\"  class=\"panel-grid-cell\" ><div id=\"panel-1453-2-0-0\" class=\"so-panel widget widget_sow-image panel-first-child panel-last-child\" data-index=\"3\" ><div\n\t\t\t\n\t\t\tclass=\"so-widget-sow-image so-widget-sow-image-default-8b5b6f678277-1453\"\n\t\t\t\n\t\t>\n<div class=\"sow-image-container\">\n\t\t<img \n\tsrc=\"https:\/\/spie-wirliebenkabel.de\/wp-content\/uploads\/2018\/08\/06_WirliebenKabel-Mann_weiss.jpg\" width=\"1200\" height=\"1600\" srcset=\"https:\/\/spie-wirliebenkabel.de\/wp-content\/uploads\/2018\/08\/06_WirliebenKabel-Mann_weiss.jpg 1200w, https:\/\/spie-wirliebenkabel.de\/wp-content\/uploads\/2018\/08\/06_WirliebenKabel-Mann_weiss-720x960.jpg 720w, https:\/\/spie-wirliebenkabel.de\/wp-content\/uploads\/2018\/08\/06_WirliebenKabel-Mann_weiss-768x1024.jpg 768w, https:\/\/spie-wirliebenkabel.de\/wp-content\/uploads\/2018\/08\/06_WirliebenKabel-Mann_weiss-1152x1536.jpg 1152w, https:\/\/spie-wirliebenkabel.de\/wp-content\/uploads\/2018\/08\/06_WirliebenKabel-Mann_weiss-113x151.jpg 113w\" sizes=\"(max-width: 1200px) 100vw, 1200px\" alt=\"\" \t\tclass=\"so-widget-image\"\/>\n\t<\/div>\n\n<\/div><\/div><\/div><div id=\"pgc-1453-2-1\"  class=\"panel-grid-cell\" ><div id=\"panel-1453-2-1-0\" class=\"so-panel widget widget_sow-editor panel-first-child panel-last-child\" data-index=\"4\" ><div class=\"uk-padding ul-margin-remove panel-widget-style panel-widget-style-for-1453-2-1-0\" ><div\n\t\t\t\n\t\t\tclass=\"so-widget-sow-editor so-widget-sow-editor-base\"\n\t\t\t\n\t\t>\n<div class=\"siteorigin-widget-tinymce textwidget\">\n\t<p><strong><span class=\"uk-text-black\">Perfektion und Schnelligkeit <\/span><\/strong><br \/>\nWir liefern! Mit hoher Flexibilit\u00e4t, unter Einsatz modernster Technologien und innovativer Verfahren. Unsere Kunden k\u00f6nnen zu jedem Zeitpunkt den aktuellen Projektstand einsehen und die Einhaltung des Fertigstellungstermins \u00fcberpr\u00fcfen.<\/p>\n<p><span class=\"uk-text-primary\"><strong>Fernmeldeleistungen<\/strong><\/span><\/p>\n<ul>\n<li>Entst\u00f6rungs-\/Wartungsarbeiten im Kupferkabelnetz<\/li>\n<li>Fehlerortung, Montage, Beseitigung<\/li>\n<li>Exklusiver Rahmenvertrag mit der Deutschen Telekom AG zur Kabelnetz-Wartung<\/li>\n<li>Planung\/Dokumentation<\/li>\n<\/ul>\n<p><span class=\"uk-text-primary\"><strong>Kabelzug<\/strong><\/span><\/p>\n<ul>\n<li>Verlegung von Kabeln und Leerrohren<\/li>\n<li>Einziehen\/Einblasen von kabeln in vorhandene Rohranlagen<\/li>\n<li>Montage von Kupfer- und Lichtwellenleiter-Kabeln<\/li>\n<\/ul>\n<p><span class=\"uk-text-primary\"><strong>Glasfasernetzbau<\/strong><\/span><\/p>\n<ul>\n<li>Planung\/Umsetzung\/Dokumentation von Projekten<\/li>\n<li>Fibre to the home \u2013 Glasfaserverlegung au\u00dferhalb des Hauses<\/li>\n<li>Fibre to the desk \u2013 Glasfaserverlegung ins Haus<\/li>\n<li>Fibre to the curb \u2013 Glasfaser bis zum KVz<\/li>\n<\/ul>\n<p><span class=\"uk-text-primary\"><strong>Energienetze<\/strong><\/span><\/p>\n<ul>\n<li>Verlegung von Kabeln und Leerrohren<\/li>\n<li>Anbindung erneuerbarer Energien ans Stromnetz<\/li>\n<li>Ausbau von zukunftsf\u00e4higen \u00dcbertragungs- und Fernleitungsnetzen<\/li>\n<\/ul>\n<\/div>\n<\/div><\/div><\/div><\/div><\/div><\/div><div id=\"pg-1453-3\"  class=\"panel-grid panel-has-style\" ><div class=\"uk-background-gradient-orange uk-light uk-position-relative siteorigin-panels-stretch panel-row-style panel-row-style-for-1453-3\" data-stretch-type=\"full\" ><div id=\"pgc-1453-3-0\"  class=\"panel-grid-cell\" ><div id=\"panel-1453-3-0-0\" class=\"so-panel widget widget_sow-image panel-first-child panel-last-child\" data-index=\"5\" ><div\n\t\t\t\n\t\t\tclass=\"so-widget-sow-image so-widget-sow-image-default-dbf295114b96-1453\"\n\t\t\t\n\t\t>\n<div class=\"sow-image-container\">\n\t\t<img \n\tsrc=\"https:\/\/spie-wirliebenkabel.de\/wp-content\/uploads\/2018\/08\/05_glasfaserkabel.jpg\" width=\"1200\" height=\"1000\" srcset=\"https:\/\/spie-wirliebenkabel.de\/wp-content\/uploads\/2018\/08\/05_glasfaserkabel.jpg 1200w, https:\/\/spie-wirliebenkabel.de\/wp-content\/uploads\/2018\/08\/05_glasfaserkabel-960x800.jpg 960w, https:\/\/spie-wirliebenkabel.de\/wp-content\/uploads\/2018\/08\/05_glasfaserkabel-768x640.jpg 768w, https:\/\/spie-wirliebenkabel.de\/wp-content\/uploads\/2018\/08\/05_glasfaserkabel-151x126.jpg 151w\" sizes=\"(max-width: 1200px) 100vw, 1200px\" alt=\"\" \t\tclass=\"so-widget-image\"\/>\n\t<\/div>\n\n<\/div><\/div><\/div><div id=\"pgc-1453-3-1\"  class=\"panel-grid-cell\" ><div id=\"panel-1453-3-1-0\" class=\"so-panel widget widget_sow-editor panel-first-child panel-last-child\" data-index=\"6\" ><div class=\"uk-padding panel-widget-style panel-widget-style-for-1453-3-1-0\" ><div\n\t\t\t\n\t\t\tclass=\"so-widget-sow-editor so-widget-sow-editor-base\"\n\t\t\t\n\t\t>\n<div class=\"siteorigin-widget-tinymce textwidget\">\n\t<h4 class=\"uk-h2\"><strong>Schreiben Sie uns!<\/strong><\/h4>\n<p><span class=\"uk-text-large uk-text-black\">Wir freuen uns auf herausfordernde Projekte, kompetente Mitarbeiter und t\u00fcchtige Nachunternehmer...<\/span><\/p>\n<p><span class=\"uk-text-black\"><\/span><\/p>\n<p><a class=\"uk-button uk-button-primary\" href=\"mailto:\">E-Mail Anfrage<\/a><\/p>\n<\/div>\n<\/div><\/div><\/div><\/div><\/div><\/div><\/div>","protected":false},"excerpt":{"rendered":"<p>Unsere Netze bestehen aus Qualit\u00e4t und Kompetenz Seit 1965 stehen wir f\u00fcr h\u00f6chste Kompetenz im Tief- und Leitungsbau. Unser regionaler Schwerpunkt ist Schleswig-Holstein, hier z\u00e4hlen wir zu den f\u00fchrenden Anbietern und sind fl\u00e4chendeckend pr\u00e4sent \u2013 mit umfassenden Leistungen bei der Verlegung und Wartung von Kupferkabeln, Glasfaser- und Energienetzen. Seit August 2018 ist die FKE mit [&hellip;]<\/p>\n","protected":false},"author":1,"featured_media":1455,"parent":0,"menu_order":0,"comment_status":"closed","ping_status":"closed","template":"","meta":{"_acf_changed":false,"inline_featured_image":false,"footnotes":""},"class_list":["post-1453","page","type-page","status-publish","has-post-thumbnail","hentry"],"acf":[],"_links":{"self":[{"href":"https:\/\/spie-wirliebenkabel.de\/pl\/wp-json\/wp\/v2\/pages\/1453","targetHints":{"allow":["GET"]}}],"collection":[{"href":"https:\/\/spie-wirliebenkabel.de\/pl\/wp-json\/wp\/v2\/pages"}],"about":[{"href":"https:\/\/spie-wirliebenkabel.de\/pl\/wp-json\/wp\/v2\/types\/page"}],"author":[{"embeddable":true,"href":"https:\/\/spie-wirliebenkabel.de\/pl\/wp-json\/wp\/v2\/users\/1"}],"replies":[{"embeddable":true,"href":"https:\/\/spie-wirliebenkabel.de\/pl\/wp-json\/wp\/v2\/comments?post=1453"}],"version-history":[{"count":0,"href":"https:\/\/spie-wirliebenkabel.de\/pl\/wp-json\/wp\/v2\/pages\/1453\/revisions"}],"wp:featuredmedia":[{"embeddable":true,"href":"https:\/\/spie-wirliebenkabel.de\/pl\/wp-json\/wp\/v2\/media\/1455"}],"wp:attachment":[{"href":"https:\/\/spie-wirliebenkabel.de\/pl\/wp-json\/wp\/v2\/media?parent=1453"}],"curies":[{"name":"wp","href":"https:\/\/api.w.org\/{rel}","templated":true}]}}