{"id":1459,"date":"2018-08-09T15:50:11","date_gmt":"2018-08-09T13:50:11","guid":{"rendered":"https:\/\/spie-wirliebenkabel.de\/kts\/"},"modified":"2023-02-16T14:14:16","modified_gmt":"2023-02-16T13:14:16","slug":"o-nas","status":"publish","type":"page","link":"https:\/\/spie-wirliebenkabel.de\/pl\/o-nas\/","title":{"rendered":"O nas"},"content":{"rendered":"<div id=\"pl-1459\"  class=\"panel-layout\" ><div id=\"pg-1459-0\"  class=\"panel-grid panel-no-style\" ><div id=\"pgc-1459-0-0\"  class=\"panel-grid-cell\" ><div id=\"panel-1459-0-0-0\" class=\"so-panel widget widget_sow-editor panel-first-child panel-last-child\" data-index=\"0\" ><div class=\"uk-padding panel-widget-style panel-widget-style-for-1459-0-0-0\" ><div\n\t\t\t\n\t\t\tclass=\"so-widget-sow-editor so-widget-sow-editor-base\"\n\t\t\t\n\t\t>\n<div class=\"siteorigin-widget-tinymce textwidget\">\n\t<h3><strong><span class=\"uk-text-secondary\">Specjali\u015bci w zakresie sieci telekomunikacyjnych i energetycznych<\/span><\/strong><\/h3>\n<p>Oferujemy naszym klientom wszelkie us\u0142ugi w jednym miejscu, poczynaj\u0105c od planowania i projektowania, poprzez rozpocz\u0119cie budowy i koordynacj\u0119 prac r\u00f3\u017cnych bran\u017c, a\u017c do utworzenia gotowych system\u00f3w \u2013 w wysokiej jako\u015bci pod ka\u017cdym wzgl\u0119dem i z zachowaniem termin\u00f3w realizacji.<br \/>\nBez wzgl\u0119du na to, czy jest to budowa jednodniowa, czy d\u0142ugoterminowe projekty na du\u017c\u0105 skal\u0119 \u2013 je\u017celi nie chcesz zrezygnowa\u0107 z profesjonalnej realizacji zlecenia, to dobrze trafi\u0142e\u015b.<\/p>\n<p><a class=\"uk-button uk-button-default\" href=\"https:\/\/spie-wirliebenkabel.de\/pl\/wydajnosc\/\">WI\u0118CEJ<\/a><\/p>\n<\/div>\n<\/div><\/div><\/div><\/div><div id=\"pgc-1459-0-1\"  class=\"panel-grid-cell\" ><div id=\"panel-1459-0-1-0\" class=\"so-panel widget widget_sow-editor panel-first-child panel-last-child\" data-index=\"1\" ><div class=\"uk-padding panel-widget-style panel-widget-style-for-1459-0-1-0\" ><div\n\t\t\t\n\t\t\tclass=\"so-widget-sow-editor so-widget-sow-editor-base\"\n\t\t\t\n\t\t>\n<div class=\"siteorigin-widget-tinymce textwidget\">\n\t<h3><strong><span class=\"uk-text-secondary\">Niezawodno\u015b\u0107 i wydajno\u015b\u0107 na wszystkich etapach<\/span><\/strong><\/h3>\n<p>My, sp\u00f3\u0142ka SPIE Wirliebenkabel GmbH (dawniej grupa WirliebenKabel oraz KTS GmbH i FKE GmbH), od 2005 r. reprezentujemy najwy\u017cszy poziom kompetencji w zakresie budownictwa podziemnego oraz instalacji przewod\u00f3w, a od 2017 r., wraz z otwarciem naszego biura projektowego w Berlinie, jako generalny wykonawca realizujemy zadania w zakresie sieci infrastruktury w Niemczech. Wraz z przej\u0119ciem w roku 2021 grupy WirliebenKabel przez sp\u00f3\u0142k\u0119 SPIE w Niemczech i Europie centralnej, stali\u015bmy si\u0119 jednym z najsilniejszych partner\u00f3w dzia\u0142aj\u0105cych w obr\u0119bie rozbudowy sieci szerokopasmowych. Nasza g\u0142\u00f3wna siedziba znajduje si\u0119 w mie\u015bcie Zeulenroda-Triebes.<\/p>\n<p><a class=\"uk-button uk-button-default\" href=\"https:\/\/spie-wirliebenkabel.de\/pl\/wydajnosc\/\">WI\u0118CEJ<\/a><\/p>\n<\/div>\n<\/div><\/div><\/div><\/div><\/div><div id=\"pg-1459-1\"  class=\"panel-grid panel-has-style\" ><div class=\"uk-background-lightgrey siteorigin-panels-stretch panel-row-style panel-row-style-for-1459-1\" data-stretch-type=\"full\" ><div id=\"pgc-1459-1-0\"  class=\"panel-grid-cell\" ><div class=\"uk-position-relative  panel-cell-style panel-cell-style-for-1459-1-0\" ><div id=\"panel-1459-1-0-0\" class=\"so-panel widget widget_sow-image panel-first-child\" data-index=\"2\" ><div\n\t\t\t\n\t\t\tclass=\"so-widget-sow-image so-widget-sow-image-default-8b5b6f678277-1459\"\n\t\t\t\n\t\t>\n<div class=\"sow-image-container\">\n\t\t<img \n\tsrc=\"https:\/\/spie-wirliebenkabel.de\/wp-content\/uploads\/2018\/08\/05_breitbandausbau_trenching.jpg\" width=\"1200\" height=\"1200\" srcset=\"https:\/\/spie-wirliebenkabel.de\/wp-content\/uploads\/2018\/08\/05_breitbandausbau_trenching.jpg 1200w, https:\/\/spie-wirliebenkabel.de\/wp-content\/uploads\/2018\/08\/05_breitbandausbau_trenching-960x960.jpg 960w, https:\/\/spie-wirliebenkabel.de\/wp-content\/uploads\/2018\/08\/05_breitbandausbau_trenching-600x600.jpg 600w, https:\/\/spie-wirliebenkabel.de\/wp-content\/uploads\/2018\/08\/05_breitbandausbau_trenching-768x768.jpg 768w, https:\/\/spie-wirliebenkabel.de\/wp-content\/uploads\/2018\/08\/05_breitbandausbau_trenching-151x151.jpg 151w, https:\/\/spie-wirliebenkabel.de\/wp-content\/uploads\/2018\/08\/05_breitbandausbau_trenching-200x200.jpg 200w\" sizes=\"(max-width: 1200px) 100vw, 1200px\" alt=\"\" \t\tclass=\"so-widget-image\"\/>\n\t<\/div>\n\n<\/div><\/div><div id=\"panel-1459-1-0-1\" class=\"so-panel widget widget_sow-editor panel-last-child\" data-index=\"3\" ><div class=\"uk-light uk-padding orange-transparent-box uk-position-bottom panel-widget-style panel-widget-style-for-1459-1-0-1\" ><div\n\t\t\t\n\t\t\tclass=\"so-widget-sow-editor so-widget-sow-editor-base\"\n\t\t\t\n\t\t>\n<div class=\"siteorigin-widget-tinymce textwidget\">\n\t<h2><strong>Aktywno\u015b\u0107 na terenie ca\u0142ego kraju<\/strong><br \/>\nNasze zespo\u0142y zajmuj\u0105 si\u0119 przeci\u0105ganiem kabli, monta\u017cem i budownictwem podziemnym na terenie ca\u0142ych Niemiec.<\/h2>\n<\/div>\n<\/div><\/div><\/div><\/div><\/div><div id=\"pgc-1459-1-1\"  class=\"panel-grid-cell\" ><div class=\"uk-position-relative  panel-cell-style panel-cell-style-for-1459-1-1\" ><div id=\"panel-1459-1-1-0\" class=\"so-panel widget widget_sow-image panel-first-child panel-last-child\" data-index=\"4\" ><div\n\t\t\t\n\t\t\tclass=\"so-widget-sow-image so-widget-sow-image-default-8b5b6f678277-1459\"\n\t\t\t\n\t\t>\n<div class=\"sow-image-container\">\n\t\t<img \n\tsrc=\"https:\/\/spie-wirliebenkabel.de\/wp-content\/uploads\/2018\/08\/05_breitbandausbau_trenching2.jpg\" width=\"1200\" height=\"1200\" srcset=\"https:\/\/spie-wirliebenkabel.de\/wp-content\/uploads\/2018\/08\/05_breitbandausbau_trenching2.jpg 1200w, https:\/\/spie-wirliebenkabel.de\/wp-content\/uploads\/2018\/08\/05_breitbandausbau_trenching2-960x960.jpg 960w, https:\/\/spie-wirliebenkabel.de\/wp-content\/uploads\/2018\/08\/05_breitbandausbau_trenching2-600x600.jpg 600w, https:\/\/spie-wirliebenkabel.de\/wp-content\/uploads\/2018\/08\/05_breitbandausbau_trenching2-768x768.jpg 768w, https:\/\/spie-wirliebenkabel.de\/wp-content\/uploads\/2018\/08\/05_breitbandausbau_trenching2-151x151.jpg 151w, https:\/\/spie-wirliebenkabel.de\/wp-content\/uploads\/2018\/08\/05_breitbandausbau_trenching2-200x200.jpg 200w\" sizes=\"(max-width: 1200px) 100vw, 1200px\" alt=\"\" \t\tclass=\"so-widget-image\"\/>\n\t<\/div>\n\n<\/div><\/div><\/div><\/div><\/div><\/div><div id=\"pg-1459-2\"  class=\"panel-grid panel-has-style\" ><div class=\"uk-background-muted  siteorigin-panels-stretch panel-row-style panel-row-style-for-1459-2\" data-stretch-type=\"full\" ><div id=\"pgc-1459-2-0\"  class=\"panel-grid-cell\" ><div class=\"panel-cell-style panel-cell-style-for-1459-2-0\" ><div id=\"panel-1459-2-0-0\" class=\"so-panel widget widget_sow-editor panel-first-child panel-last-child\" data-index=\"5\" ><div class=\"uk-padding panel-widget-style panel-widget-style-for-1459-2-0-0\" ><div\n\t\t\t\n\t\t\tclass=\"so-widget-sow-editor so-widget-sow-editor-base\"\n\t\t\t\n\t\t>\n<div class=\"siteorigin-widget-tinymce textwidget\">\n\t<p><strong>Dzia\u0142amy z naciskiem na jako\u015b\u0107<\/strong><br \/>\nWszystkie zadania realizujemy za pomoc\u0105 kompetentnych specjalist\u00f3w, zgodnie z ustalonymi terminami i na najwy\u017cszym poziomie. Du\u017c\u0105 wag\u0119, kt\u00f3r\u0105 przywi\u0105zujemy do jako\u015bci i wydajno\u015bci \u015bwiadczonych przez nas us\u0142ug, podkre\u015bla uzyskanie certyfikacji jako dostawca Telekom Deutschland GmbH.<\/p>\n<\/div>\n<\/div><\/div><\/div><\/div><\/div><div id=\"pgc-1459-2-1\"  class=\"panel-grid-cell\" ><div id=\"panel-1459-2-1-0\" class=\"so-panel widget widget_sow-editor panel-first-child panel-last-child\" data-index=\"6\" ><div class=\"uk-padding panel-widget-style panel-widget-style-for-1459-2-1-0\" ><div\n\t\t\t\n\t\t\tclass=\"so-widget-sow-editor so-widget-sow-editor-base\"\n\t\t\t\n\t\t>\n<div class=\"siteorigin-widget-tinymce textwidget\">\n\t<p><strong>Dzia\u0142amy szybko<\/strong><br \/>\nKr\u00f3tki czas reakcji, elastyczno\u015b\u0107 i wysoka dyspozycyjno\u015b\u0107 w miejscu wykonywanej us\u0142ugi umo\u017cliwiaj\u0105 nam zaspokojenie indywidualnych potrzeb naszych klient\u00f3w. W ten spos\u00f3b spe\u0142niamy wymagania coraz bardziej dynamicznie dzia\u0142aj\u0105cej bran\u017cy.<\/p>\n<\/div>\n<\/div><\/div><\/div><\/div><\/div><\/div><div id=\"pg-1459-3\"  class=\"panel-grid panel-has-style\" ><div class=\"uk-position-relative uk-background-lightgrey siteorigin-panels-stretch panel-row-style panel-row-style-for-1459-3\" data-stretch-type=\"full\" ><div id=\"pgc-1459-3-0\"  class=\"panel-grid-cell\" ><div id=\"panel-1459-3-0-0\" class=\"so-panel widget widget_sow-image panel-first-child\" data-index=\"7\" ><div\n\t\t\t\n\t\t\tclass=\"so-widget-sow-image so-widget-sow-image-default-8b5b6f678277-1459\"\n\t\t\t\n\t\t>\n<div class=\"sow-image-container\">\n\t\t<img \n\tsrc=\"https:\/\/spie-wirliebenkabel.de\/wp-content\/uploads\/2018\/08\/05_breitbandausbau_hausanschluss.jpg\" width=\"2400\" height=\"1200\" srcset=\"https:\/\/spie-wirliebenkabel.de\/wp-content\/uploads\/2018\/08\/05_breitbandausbau_hausanschluss.jpg 2400w, https:\/\/spie-wirliebenkabel.de\/wp-content\/uploads\/2018\/08\/05_breitbandausbau_hausanschluss-960x480.jpg 960w, https:\/\/spie-wirliebenkabel.de\/wp-content\/uploads\/2018\/08\/05_breitbandausbau_hausanschluss-1920x960.jpg 1920w, https:\/\/spie-wirliebenkabel.de\/wp-content\/uploads\/2018\/08\/05_breitbandausbau_hausanschluss-768x384.jpg 768w, https:\/\/spie-wirliebenkabel.de\/wp-content\/uploads\/2018\/08\/05_breitbandausbau_hausanschluss-1536x768.jpg 1536w, https:\/\/spie-wirliebenkabel.de\/wp-content\/uploads\/2018\/08\/05_breitbandausbau_hausanschluss-2048x1024.jpg 2048w, https:\/\/spie-wirliebenkabel.de\/wp-content\/uploads\/2018\/08\/05_breitbandausbau_hausanschluss-151x76.jpg 151w\" sizes=\"(max-width: 2400px) 100vw, 2400px\" alt=\"\" \t\tclass=\"so-widget-image\"\/>\n\t<\/div>\n\n<\/div><\/div><div id=\"panel-1459-3-0-1\" class=\"so-panel widget widget_siteorigin-panels-builder panel-last-child\" data-index=\"8\" ><div class=\"uk-position-relative position-absolute-child panel-widget-style panel-widget-style-for-1459-3-0-1\" ><div id=\"pl-w63b2e64f195e0\"  class=\"panel-layout\" ><div id=\"pg-w63b2e64f195e0-0\"  class=\"panel-grid panel-no-style\" ><div id=\"pgc-w63b2e64f195e0-0-0\"  class=\"panel-grid-cell panel-grid-cell-mobile-last\" ><div id=\"panel-w63b2e64f195e0-0-0-0\" class=\"so-panel widget widget_sow-editor panel-first-child panel-last-child\" data-index=\"0\" ><div class=\"uk-light orange-transparent-box uk-padding panel-widget-style panel-widget-style-for-w63b2e64f195e0-0-0-0\" ><div\n\t\t\t\n\t\t\tclass=\"so-widget-sow-editor so-widget-sow-editor-base\"\n\t\t\t\n\t\t>\n<div class=\"siteorigin-widget-tinymce textwidget\">\n\t<p class=\"uk-h2\"><strong>Niezawodna kompetencja<\/strong><\/p>\n<\/div>\n<\/div><\/div><\/div><\/div><div id=\"pgc-w63b2e64f195e0-0-1\"  class=\"panel-grid-cell panel-grid-cell-empty\" ><\/div><\/div><\/div><\/div><\/div><\/div><\/div><\/div><div id=\"pg-1459-4\"  class=\"panel-grid panel-has-style\" ><div class=\"uk-padding uk-position-relative border-center siteorigin-panels-stretch panel-row-style panel-row-style-for-1459-4\" data-stretch-type=\"full\" ><div id=\"pgc-1459-4-0\"  class=\"panel-grid-cell\" ><div id=\"panel-1459-4-0-0\" class=\"so-panel widget widget_sow-editor panel-first-child panel-last-child\" data-index=\"9\" ><div class=\"logos panel-widget-style panel-widget-style-for-1459-4-0-0\" ><div\n\t\t\t\n\t\t\tclass=\"so-widget-sow-editor so-widget-sow-editor-base\"\n\t\t\t\n\t\t>\n<div class=\"siteorigin-widget-tinymce textwidget\">\n\t<p><strong>Sp\u00f3\u0142ka SPIE WirliebenKabel posiada wszystkie istotne certyfikaty<\/strong><br \/>\nPonadto firmy Vetter GmbH Kabelverlegetechnik oraz gabo Systemtechnik GmbH szkol\u0105 nas w zakresie certyfikowanej instalacji kabli \u015bwiat\u0142owodowych i mikrokabli.<\/p>\n<p><img loading=\"lazy\" decoding=\"async\" src=\"https:\/\/spie-wirliebenkabel.de\/wp-content\/uploads\/2018\/08\/05_RAL_Guetezeichen_Fernmeldebau.svg\" alt=\"\" width=\"130\" height=\"260\" \/><img decoding=\"async\" src=\"https:\/\/spie-wirliebenkabel.de\/wp-content\/uploads\/2018\/08\/05_FFB.svg\" \/><img loading=\"lazy\" decoding=\"async\" src=\"https:\/\/spie-wirliebenkabel.de\/wp-content\/uploads\/2018\/08\/05_Guetegemeinschaft_Fernmeldebau.png\" alt=\"\" width=\"317\" height=\"73\" \/><\/p>\n<\/div>\n<\/div><\/div><\/div><\/div><div id=\"pgc-1459-4-1\"  class=\"panel-grid-cell\" ><div id=\"panel-1459-4-1-0\" class=\"so-panel widget widget_sow-editor panel-first-child panel-last-child\" data-index=\"10\" ><div class=\"panel-widget-style panel-widget-style-for-1459-4-1-0\" ><div\n\t\t\t\n\t\t\tclass=\"so-widget-sow-editor so-widget-sow-editor-base\"\n\t\t\t\n\t\t>\n<div class=\"siteorigin-widget-tinymce textwidget\">\n\t<h3 class=\"uk-margin-bottom\"><strong><span class=\"uk-text-primary\">Najwa\u017cniejsze informacje w skr\u00f3cie<\/span><\/strong><\/h3>\n<p><a class=\"pdf vorn\" href=\"https:\/\/spie-wirliebenkabel.de\/wp-content\/uploads\/2020\/02\/Pressemappe_PL_2020.02.pdf\" target=\"_blank\" rel=\"noopener\"><strong>Materia\u0142y prasowe:<\/strong> <span class=\"uk-text-default\">PDF (7,7 MB)<\/span><\/a><\/p>\n<p><a class=\"pdf vorn\" href=\"https:\/\/spie-wirliebenkabel.de\/wp-content\/uploads\/2023\/02\/SPIE-Ethics-Code_PL.pdf\" target=\"_blank\" rel=\"noopener\"><strong>SPIE-Ethics-Code:<\/strong> <span class=\"uk-text-default\">PDF (2 MB)<\/span><\/a><\/p>\n<p><a class=\"pdf vorn\" href=\"https:\/\/spie-wirliebenkabel.de\/wp-content\/uploads\/2020\/02\/Brosch_EN.pdf\" target=\"_blank\" rel=\"noopener\"><strong>Unternehmensbrosch\u00fcre:<\/strong> <span class=\"uk-text-default\">PDF (4 MB)<\/span><\/a><\/p>\n<\/div>\n<\/div><\/div><\/div><\/div><\/div><\/div><div id=\"pg-1459-5\"  class=\"panel-grid panel-has-style\" ><div class=\"uk-background-muted uk-padding-large uk-position-relative siteorigin-panels-stretch panel-row-style panel-row-style-for-1459-5\" data-stretch-type=\"full\" ><div id=\"pgc-1459-5-0\"  class=\"panel-grid-cell\" ><div id=\"panel-1459-5-0-0\" class=\"so-panel widget widget_sow-editor panel-first-child\" data-index=\"11\" ><div\n\t\t\t\n\t\t\tclass=\"so-widget-sow-editor so-widget-sow-editor-base\"\n\t\t\t\n\t\t>\n<div class=\"siteorigin-widget-tinymce textwidget\">\n\t<p><i class=\"fas fa-circle fn-text-orange fa-md\"><\/i><br \/>\n<span class=\"uk-text-black\"><strong>aktywne i zrealizowane obszary rozbudowy<\/strong><\/span><br \/>\nsp\u00f3\u0142ki SPIE WirliebenKabel<br \/>\nw Niemczech<\/p>\n<\/div>\n<\/div><\/div><div id=\"panel-1459-5-0-1\" class=\"so-panel widget widget_sow-editor panel-last-child\" data-index=\"12\" ><div class=\"ausbaugebiete-map panel-widget-style panel-widget-style-for-1459-5-0-1\" ><div\n\t\t\t\n\t\t\tclass=\"so-widget-sow-editor so-widget-sow-editor-base\"\n\t\t\t\n\t\t>\n<div class=\"siteorigin-widget-tinymce textwidget\">\n\t<p><img loading=\"lazy\" decoding=\"async\" class=\"aligncenter\" src=\"https:\/\/spie-wirliebenkabel.de\/wp-content\/uploads\/2020\/02\/01.1_Ausbaugebiete2020.svg\" alt=\"\" width=\"500\" height=\"622\" \/><\/p>\n<\/div>\n<\/div><\/div><\/div><\/div><\/div><\/div><div id=\"pg-1459-6\"  class=\"panel-grid panel-has-style\" ><div class=\"uk-padding border-center panel-row-style panel-row-style-for-1459-6\" ><div id=\"pgc-1459-6-0\"  class=\"panel-grid-cell\" ><div id=\"panel-1459-6-0-0\" class=\"so-panel widget widget_sow-editor panel-first-child panel-last-child\" data-index=\"13\" ><div\n\t\t\t\n\t\t\tclass=\"so-widget-sow-editor so-widget-sow-editor-base\"\n\t\t\t\n\t\t>\n<div class=\"siteorigin-widget-tinymce textwidget\">\n\t<h3><strong><span class=\"uk-text-primary\">Dalsze obszary naszego zaanga\u017cowania...<\/span><\/strong><\/h3>\n<p><span class=\"uk-text-black\"><strong>KSV Pausa<\/strong><\/span><br \/>\n<a href=\"https:\/\/www.facebook.com\/KSV.Pausa\" target=\"_blank\" rel=\"noopener\">www.facebook.com\/KSV.Pausa<\/a><\/p>\n<p><span class=\"uk-text-black\"><strong>Regaty \u017ceglarskie: Zesp\u00f3\u0142 Jurczok &amp; Lorenz<\/strong><\/span><br \/>\n<a href=\"https:\/\/www.facebook.com\/49erFX.Team.Jurczok.Lorenz\" target=\"_blank\" rel=\"noopener\">www.facebook.com\/49erFX.Team.Jurczok.Lorenz<\/a><\/p>\n<p><span class=\"uk-text-black\"><strong>Inicjatywa socjalna Theuma<\/strong><\/span><br \/>\n<a href=\"https:\/\/www.theuma.de\/\" target=\"_blank\" rel=\"noopener\">www.theuma.de<\/a><\/p>\n<\/div>\n<\/div><\/div><\/div><div id=\"pgc-1459-6-1\"  class=\"panel-grid-cell\" ><div id=\"panel-1459-6-1-0\" class=\"so-panel widget widget_sow-editor panel-first-child panel-last-child\" data-index=\"14\" ><div class=\"logos top panel-widget-style panel-widget-style-for-1459-6-1-0\" ><div\n\t\t\t\n\t\t\tclass=\"so-widget-sow-editor so-widget-sow-editor-base\"\n\t\t\t\n\t\t>\n<div class=\"siteorigin-widget-tinymce textwidget\">\n\t<p><img loading=\"lazy\" decoding=\"async\" class=\"alignnone size-full wp-image-2161\" src=\"https:\/\/spie-wirliebenkabel.de\/wp-content\/uploads\/2020\/02\/Sponsoring1_KSV-Pausa.jpg\" alt=\"\" width=\"262\" height=\"326\" \/> <img loading=\"lazy\" decoding=\"async\" class=\"alignnone size-medium wp-image-2162\" src=\"https:\/\/spie-wirliebenkabel.de\/wp-content\/uploads\/2020\/02\/Sponsoring2_Regatta-Segeln.jpg\" alt=\"\" width=\"262\" height=\"326\" srcset=\"https:\/\/spie-wirliebenkabel.de\/wp-content\/uploads\/2020\/02\/Sponsoring2_Regatta-Segeln.jpg 262w, https:\/\/spie-wirliebenkabel.de\/wp-content\/uploads\/2020\/02\/Sponsoring2_Regatta-Segeln-121x151.jpg 121w\" sizes=\"auto, (max-width: 262px) 100vw, 262px\" \/> <img loading=\"lazy\" decoding=\"async\" class=\"alignnone size-medium wp-image-2163\" src=\"https:\/\/spie-wirliebenkabel.de\/wp-content\/uploads\/2020\/02\/Sponsoring3_Theuma.jpg\" alt=\"\" width=\"262\" height=\"326\" \/><\/p>\n<\/div>\n<\/div><\/div><\/div><\/div><\/div><\/div><div id=\"pg-1459-7\"  class=\"panel-grid panel-has-style\" ><div class=\"uk-background-gradient-orange uk-light uk-position-relative siteorigin-panels-stretch panel-row-style panel-row-style-for-1459-7\" data-stretch-type=\"full\" ><div id=\"pgc-1459-7-0\"  class=\"panel-grid-cell\" ><div id=\"panel-1459-7-0-0\" class=\"so-panel widget widget_sow-image panel-first-child panel-last-child\" data-index=\"15\" ><div\n\t\t\t\n\t\t\tclass=\"so-widget-sow-image so-widget-sow-image-default-dbf295114b96-1459\"\n\t\t\t\n\t\t>\n<div class=\"sow-image-container\">\n\t\t<img \n\tsrc=\"https:\/\/spie-wirliebenkabel.de\/wp-content\/uploads\/2018\/08\/05_glasfaserkabel.jpg\" width=\"1200\" height=\"1000\" srcset=\"https:\/\/spie-wirliebenkabel.de\/wp-content\/uploads\/2018\/08\/05_glasfaserkabel.jpg 1200w, https:\/\/spie-wirliebenkabel.de\/wp-content\/uploads\/2018\/08\/05_glasfaserkabel-960x800.jpg 960w, https:\/\/spie-wirliebenkabel.de\/wp-content\/uploads\/2018\/08\/05_glasfaserkabel-768x640.jpg 768w, https:\/\/spie-wirliebenkabel.de\/wp-content\/uploads\/2018\/08\/05_glasfaserkabel-151x126.jpg 151w\" sizes=\"(max-width: 1200px) 100vw, 1200px\" alt=\"\" \t\tclass=\"so-widget-image\"\/>\n\t<\/div>\n\n<\/div><\/div><\/div><div id=\"pgc-1459-7-1\"  class=\"panel-grid-cell\" ><div id=\"panel-1459-7-1-0\" class=\"so-panel widget widget_sow-editor panel-first-child panel-last-child\" data-index=\"16\" ><div class=\"uk-padding panel-widget-style panel-widget-style-for-1459-7-1-0\" ><div\n\t\t\t\n\t\t\tclass=\"so-widget-sow-editor so-widget-sow-editor-base\"\n\t\t\t\n\t\t>\n<div class=\"siteorigin-widget-tinymce textwidget\">\n\t<h4 class=\"uk-h2\"><strong>Napisz do nas!<\/strong><\/h4>\n<p><span class=\"uk-text-large uk-text-black\">Czekamy na pe\u0142ne wyzwa\u0144 projekty, kompetentnych pracownik\u00f3w oraz sumiennych podwykonawc\u00f3w\u2026<\/span><\/p>\n<p><span class=\"uk-text-black\"><a href=\"mailto:info-wlk@spie.com\">info-wlk@spie.com<\/a><\/span><\/p>\n<p><a class=\"uk-button uk-button-primary\" href=\"mailto:&lt;a href=&quot;mailto:info-wlk@spie.com&quot;&gt;info-wlk@spie.com&lt;\/a&gt;\">WIADOMO\u015a\u0106 E-MAIL<\/a><\/p>\n<\/div>\n<\/div><\/div><\/div><\/div><\/div><\/div><\/div>","protected":false},"excerpt":{"rendered":"<p>Specjali\u015bci w zakresie sieci telekomunikacyjnych i energetycznych Oferujemy naszym klientom wszelkie us\u0142ugi w jednym miejscu, poczynaj\u0105c od planowania i projektowania, poprzez rozpocz\u0119cie budowy i koordynacj\u0119 prac r\u00f3\u017cnych bran\u017c, a\u017c do utworzenia gotowych system\u00f3w \u2013 w wysokiej jako\u015bci pod ka\u017cdym wzgl\u0119dem i z zachowaniem termin\u00f3w realizacji. Bez wzgl\u0119du na to, czy jest to budowa jednodniowa, czy [&hellip;]<\/p>\n","protected":false},"author":1,"featured_media":4070,"parent":0,"menu_order":0,"comment_status":"closed","ping_status":"closed","template":"","meta":{"_acf_changed":false,"inline_featured_image":false,"footnotes":""},"class_list":["post-1459","page","type-page","status-publish","has-post-thumbnail","hentry"],"acf":[],"_links":{"self":[{"href":"https:\/\/spie-wirliebenkabel.de\/pl\/wp-json\/wp\/v2\/pages\/1459","targetHints":{"allow":["GET"]}}],"collection":[{"href":"https:\/\/spie-wirliebenkabel.de\/pl\/wp-json\/wp\/v2\/pages"}],"about":[{"href":"https:\/\/spie-wirliebenkabel.de\/pl\/wp-json\/wp\/v2\/types\/page"}],"author":[{"embeddable":true,"href":"https:\/\/spie-wirliebenkabel.de\/pl\/wp-json\/wp\/v2\/users\/1"}],"replies":[{"embeddable":true,"href":"https:\/\/spie-wirliebenkabel.de\/pl\/wp-json\/wp\/v2\/comments?post=1459"}],"version-history":[{"count":13,"href":"https:\/\/spie-wirliebenkabel.de\/pl\/wp-json\/wp\/v2\/pages\/1459\/revisions"}],"predecessor-version":[{"id":4440,"href":"https:\/\/spie-wirliebenkabel.de\/pl\/wp-json\/wp\/v2\/pages\/1459\/revisions\/4440"}],"wp:featuredmedia":[{"embeddable":true,"href":"https:\/\/spie-wirliebenkabel.de\/pl\/wp-json\/wp\/v2\/media\/4070"}],"wp:attachment":[{"href":"https:\/\/spie-wirliebenkabel.de\/pl\/wp-json\/wp\/v2\/media?parent=1459"}],"curies":[{"name":"wp","href":"https:\/\/api.w.org\/{rel}","templated":true}]}}