{"id":1730,"date":"2018-08-09T10:26:22","date_gmt":"2018-08-09T08:26:22","guid":{"rendered":"https:\/\/spie-wirliebenkabel.de\/impressum\/"},"modified":"2026-02-18T17:30:46","modified_gmt":"2026-02-18T16:30:46","slug":"impressum","status":"publish","type":"page","link":"https:\/\/spie-wirliebenkabel.de\/pl\/impressum\/","title":{"rendered":"Impressum"},"content":{"rendered":"<div id=\"pl-1730\"  class=\"panel-layout\" ><div id=\"pg-1730-0\"  class=\"panel-grid panel-has-style\" ><div class=\"siteorigin-panels-stretch panel-row-style panel-row-style-for-1730-0\" data-stretch-type=\"full\" ><div id=\"pgc-1730-0-0\"  class=\"panel-grid-cell\" ><div id=\"panel-1730-0-0-0\" class=\"so-panel widget widget_sow-editor panel-first-child panel-last-child\" data-index=\"0\" ><div class=\"panel-widget-style panel-widget-style-for-1730-0-0-0\" ><div\n\t\t\t\n\t\t\tclass=\"so-widget-sow-editor so-widget-sow-editor-base\"\n\t\t\t\n\t\t>\n<div class=\"siteorigin-widget-tinymce textwidget\">\n\t<h1 class=\"grey\">Impressum<\/h1>\n<\/div>\n<\/div><\/div><\/div><\/div><\/div><\/div><div id=\"pg-1730-1\"  class=\"panel-grid panel-has-style\" ><div class=\"uk-margin-large-bottom panel-row-style panel-row-style-for-1730-1\" ><div id=\"pgc-1730-1-0\"  class=\"panel-grid-cell\" ><div id=\"panel-1730-1-0-0\" class=\"so-panel widget widget_sow-editor panel-first-child panel-last-child\" data-index=\"1\" ><div\n\t\t\t\n\t\t\tclass=\"so-widget-sow-editor so-widget-sow-editor-base\"\n\t\t\t\n\t\t>\n<div class=\"siteorigin-widget-tinymce textwidget\">\n\t<hr \/>\n<h4><strong>Verantwortlicher f\u00fcr den Inhalt dieser Webseite:<\/strong><\/h4>\n<p>SPIE WirliebenKabel GmbH<br \/>\nHohe Str. 125 a<br \/>\nD-07937 Zeulenroda-Triebes<\/p>\n<p>Tel.: 03 66 28 \u2013 95 90 90<br \/>\nFax: 03 66 28 - 95 90 925<br \/>\nE-Mail: <a href=\"mailto:kts@wirliebenkabel.de\">info-wlk@spie.com<\/a><br \/>\nWebseite: <a href=\"http:\/\/www.kts-zr.de\">www.spie-wirliebenkabel.de<\/a><\/p>\n<p>Gesch\u00e4fts- und B\u00fcrozeiten<\/p>\n<p>Montag bis Donnerstag 08:00 bis 16:00 Uhr<br \/>\nFreitag 08:00 bis 15:00 Uhr<\/p>\n<p>Gesch\u00e4ftsf\u00fchrer: Gerald Lesch, Peter Pfannenstiel<\/p>\n<p>Registergericht: Amtsgericht Jena Registernummer: 210371 HRB Jena<br \/>\nUmsatzsteuer-Identifikationsnummer gem\u00e4\u00df \u00a7 27 a Umsatzsteuergesetz: DE240960970<\/p>\n<hr \/>\n<h4><strong>Bildnachweis<\/strong><\/h4>\n<p>Alle Mitarbeiterfotos und Aufnahmen der Verlegetechnik:<br \/>\n<span class=\"black\">J\u00fcrgen Weyrich<\/span> \u2014 <a href=\"http:\/\/www.weyrich-fotografie.de\">www.weyrich-fotografie.de<\/a><\/p>\n<p>Weitere Motive von<br \/>\n<span class=\"black\">iStockphoto<\/span> \u2014 <a href=\"http:\/\/www.iStockphoto.com\">www.iStockphoto.com<\/a>: poliki.t \/ PeopleImages \/ gaiamoments \/ kynny \/ ktsimage \/ ppart.t \/ rom2015 \/ Maxger<br \/>\n<span class=\"black\">Pixabay<\/span> \u2014 <a href=\"http:\/\/www.pixabay.com\">www.pixabay.com<\/a><br \/>\n<span class=\"black\">AdobeStock<\/span> \u2014 <a href=\"www.stock.adobe.com\">www.iStockphoto.com<\/a>:Damir Khabirov<\/p>\n<p>Den Urhebern sei herzlich gedankt!<\/p>\n<hr \/>\n<h4><strong>Inhalt des Online-Angebotes und Haftungsausschluss<\/strong><\/h4>\n<p>F\u00fcr die Aktualit\u00e4t, Korrektheit, Vollst\u00e4ndigkeit oder Qualit\u00e4t der bereitgestellten Informationen \u00fcbernimmt die KTS Kabeltechnik &amp; Service GmbH (im Weiteren \u201eAutor\u201c) keine Haftung. F\u00fcr Sch\u00e4den, ob materieller oder ideeller Art, die durch die Nutzung<br \/>\ndes Onlineangebotes entstehen oder durch fehlerhafte und unvollst\u00e4ndige Informationen verursacht werden, haftet der Autor grunds\u00e4tzlich nicht, sofern dem Autor kein nachweislich vors\u00e4tzliches oder grob fahrl\u00e4ssiges Verschulden nachgewiesen werden kann.<\/p>\n<p>Alle Angebote auf den Seiten sind freibleibend und unverbindlich. Der Autor beh\u00e4lt es sich ausdr\u00fccklich vor, Teile der Seiten oder das gesamte Angebot ohne gesonderte Ank\u00fcndigung zu ver\u00e4ndern, zu erg\u00e4nzen, zu l\u00f6schen oder die Ver\u00f6ffentlichung zeitweise oder endg\u00fcltig einzustellen.<\/p>\n<p><span class=\"black\">Haftungshinweis<\/span><br \/>\nTrotz sorgf\u00e4ltiger inhaltlicher Kontrolle \u00fcbernehmen wir keine Haftung f\u00fcr die Inhalte externer Links. F\u00fcr den Inhalt der verlinkten Seiten sind ausschlie\u00dflich deren Betreiber verantwortlich.<\/p>\n<p><span class=\"black\">Rechtswirksamkeit dieses Haftungsausschlusses<\/span><br \/>\nDieser Haftungsausschluss ist als Teil des Internetangebotes zu betrachten, von dem aus auf diese Seite verwiesen wurde. Sofern Teile oder einzelne Formulierungen dieses Textes der geltenden Rechtslage nicht, nicht mehr oder nicht vollst\u00e4ndig entsprechen sollten, bleiben die \u00fcbrigen Teile des Dokumentes in ihrem Inhalt und ihrer G\u00fcltigkeit davon unber\u00fchrt.<\/p>\n<\/div>\n<\/div><\/div><\/div><\/div><\/div><\/div>","protected":false},"excerpt":{"rendered":"<p>Impressum Verantwortlicher f\u00fcr den Inhalt dieser Webseite: Hohe Str. 125 a D-07937 Zeulenroda-Triebes Tel.: 03 66 28 \u2013 95 90 90 Fax: 03 66 28 &#8211; 95 90 925 E-Mail: info-wlk@spie.com Webseite: www.spie-wirliebenkabel.de Gesch\u00e4fts- und B\u00fcrozeiten Montag bis Donnerstag 08:00 bis 16:00 Uhr Freitag 08:00 bis 15:00 Uhr Gesch\u00e4ftsf\u00fchrer: Gerald Lesch, Peter Pfannenstiel Registergericht: Amtsgericht [&hellip;]<\/p>\n","protected":false},"author":1,"featured_media":0,"parent":0,"menu_order":0,"comment_status":"closed","ping_status":"closed","template":"","meta":{"_acf_changed":false,"inline_featured_image":false,"footnotes":""},"class_list":["post-1730","page","type-page","status-publish","hentry"],"acf":[],"_links":{"self":[{"href":"https:\/\/spie-wirliebenkabel.de\/pl\/wp-json\/wp\/v2\/pages\/1730","targetHints":{"allow":["GET"]}}],"collection":[{"href":"https:\/\/spie-wirliebenkabel.de\/pl\/wp-json\/wp\/v2\/pages"}],"about":[{"href":"https:\/\/spie-wirliebenkabel.de\/pl\/wp-json\/wp\/v2\/types\/page"}],"author":[{"embeddable":true,"href":"https:\/\/spie-wirliebenkabel.de\/pl\/wp-json\/wp\/v2\/users\/1"}],"replies":[{"embeddable":true,"href":"https:\/\/spie-wirliebenkabel.de\/pl\/wp-json\/wp\/v2\/comments?post=1730"}],"version-history":[{"count":28,"href":"https:\/\/spie-wirliebenkabel.de\/pl\/wp-json\/wp\/v2\/pages\/1730\/revisions"}],"predecessor-version":[{"id":5686,"href":"https:\/\/spie-wirliebenkabel.de\/pl\/wp-json\/wp\/v2\/pages\/1730\/revisions\/5686"}],"wp:attachment":[{"href":"https:\/\/spie-wirliebenkabel.de\/pl\/wp-json\/wp\/v2\/media?parent=1730"}],"curies":[{"name":"wp","href":"https:\/\/api.w.org\/{rel}","templated":true}]}}