{"id":3051,"date":"2018-09-13T16:14:18","date_gmt":"2018-09-13T14:14:18","guid":{"rendered":"https:\/\/spie-wirliebenkabel.de\/uebersicht-jobs\/"},"modified":"2023-08-01T13:42:40","modified_gmt":"2023-08-01T11:42:40","slug":"przeglad-zadan","status":"publish","type":"page","link":"https:\/\/spie-wirliebenkabel.de\/pl\/przeglad-zadan\/","title":{"rendered":"Przegl\u0105d zada\u0144"},"content":{"rendered":"<div id=\"pl-3051\"  class=\"panel-layout\" ><div id=\"pg-3051-0\"  class=\"panel-grid panel-no-style\" ><div id=\"pgc-3051-0-0\"  class=\"panel-grid-cell\" ><div id=\"panel-3051-0-0-0\" class=\"so-panel widget widget_sow-editor panel-first-child panel-last-child\" data-index=\"0\" ><div class=\"panel-widget-style panel-widget-style-for-3051-0-0-0\" ><div\n\t\t\t\n\t\t\tclass=\"so-widget-sow-editor so-widget-sow-editor-base\"\n\t\t\t\n\t\t>\n<div class=\"siteorigin-widget-tinymce textwidget\">\n\t<h1><span class=\"uk-text-primary\"><strong>Wir haben interessante Jobs f\u00fcr Profis und Rookies ...<\/strong><\/span><br \/>\n<span class=\"uk-text-primary\">und suchen immer nach alten Hasen und jungen Talenten<\/span><\/h1>\n<\/div>\n<\/div><\/div><\/div><\/div><\/div><div id=\"pg-3051-1\"  class=\"panel-grid panel-has-style\" ><div class=\"uk-background-muted siteorigin-panels-stretch panel-row-style panel-row-style-for-3051-1\" data-stretch-type=\"full\" ><div id=\"pgc-3051-1-0\"  class=\"panel-grid-cell\" ><div id=\"panel-3051-1-0-0\" class=\"so-panel widget widget_sow-editor panel-first-child panel-last-child\" data-index=\"1\" ><div\n\t\t\t\n\t\t\tclass=\"so-widget-sow-editor so-widget-sow-editor-base\"\n\t\t\t\n\t\t>\n<div class=\"siteorigin-widget-tinymce textwidget\">\n\t<div class=\"uk-grid uk-child-width-1-2@m\"><div>\n          <div class=\"border-top-primary-small uk-margin-large-bottom\">\n            <p class=\"uk-h3 uk-text-secondary\"><strong>Fachkraft Rechtserwerb (m\/w\/d)<\/strong><\/p>\n            <p><strong>Standort: Berlin            <\/strong><br>\n            <strong>Offene Stellen: <span class=\"uk-text-primary\">1<\/span><\/strong><br>\n            <strong>Stellenbeschreibung: <a href=\"https:\/\/spie-wirliebenkabel.de\/pl\/stellenangebote\/referent-rechtserwerb-fuer-erneuerbare-energien-m-w-d\/\">anzeigen<\/a><\/strong><\/p>\n          <\/div>\n        <\/div><div>\n          <div class=\"border-top-primary-small uk-margin-large-bottom\">\n            <p class=\"uk-h3 uk-text-secondary\"><strong>Bauleiter bundesweit (m\/w\/d)<\/strong><\/p>\n            <p><strong>Standort: Bayern, Hessen, Sachsen, Zeulenroda            <\/strong><br>\n            <strong>Offene Stellen: <span class=\"uk-text-primary\">3<\/span><\/strong><br>\n            <strong>Stellenbeschreibung: <a href=\"https:\/\/spie-wirliebenkabel.de\/pl\/stellenangebote\/bauleiter-breitbandausbau-m-w-bundesweit\/\">anzeigen<\/a><\/strong><\/p>\n          <\/div>\n        <\/div><div>\n          <div class=\"border-top-primary-small uk-margin-large-bottom\">\n            <p class=\"uk-h3 uk-text-secondary\"><strong>Oberbauleiter Breitbandausbau (m\/w\/d)<\/strong><\/p>\n            <p><strong>Standort: Th\u00fcringen, Zeulenroda            <\/strong><br>\n            <strong>Offene Stellen: <span class=\"uk-text-primary\">1<\/span><\/strong><br>\n            <strong>Stellenbeschreibung: <a href=\"https:\/\/spie-wirliebenkabel.de\/pl\/stellenangebote\/oberbauleiter-breitbandausbau-m-w-d\/\">anzeigen<\/a><\/strong><\/p>\n          <\/div>\n        <\/div><div>\n          <div class=\"border-top-primary-small uk-margin-large-bottom\">\n            <p class=\"uk-h3 uk-text-secondary\"><strong>Kabelzieher\/ Einbl\u00e4ser (m\/w\/d)<\/strong><\/p>\n            <p><strong>Standort: Bayern, Berlin, Hessen, Niedersachsen, Rheinland-Pfalz, Sachsen, Th\u00fcringen, Zeulenroda            <\/strong><br>\n            <strong>Offene Stellen: <span class=\"uk-text-primary\">4<\/span><\/strong><br>\n            <strong>Stellenbeschreibung: <a href=\"https:\/\/spie-wirliebenkabel.de\/pl\/stellenangebote\/kabelzieher-m-w-d-gerne-ganze-kolonne\/\">anzeigen<\/a><\/strong><\/p>\n          <\/div>\n        <\/div><div>\n          <div class=\"border-top-primary-small uk-margin-large-bottom\">\n            <p class=\"uk-h3 uk-text-secondary\"><strong>Glasfasermonteur (m\/w\/d)<\/strong><\/p>\n            <p><strong>Standort: Bayern, Sachsen, Th\u00fcringen, Zeulenroda            <\/strong><br>\n            <strong>Offene Stellen: <span class=\"uk-text-primary\">3<\/span><\/strong><br>\n            <strong>Stellenbeschreibung: <a href=\"https:\/\/spie-wirliebenkabel.de\/pl\/stellenangebote\/glasfasermonteur-m-w-d\/\">anzeigen<\/a><\/strong><\/p>\n          <\/div>\n        <\/div><div>\n          <div class=\"border-top-primary-small uk-margin-large-bottom\">\n            <p class=\"uk-h3 uk-text-secondary\"><strong>Werkstudent Vermessung Innendienst (m\/w\/d)<\/strong><\/p>\n            <p><strong>Standort: Berlin            <\/strong><br>\n            <strong>Offene Stellen: <span class=\"uk-text-primary\">1<\/span><\/strong><br>\n            <strong>Stellenbeschreibung: <a href=\"https:\/\/spie-wirliebenkabel.de\/pl\/stellenangebote\/werkstudent-vermessung-innendienst-m-w-d\/\">anzeigen<\/a><\/strong><\/p>\n          <\/div>\n        <\/div><div>\n          <div class=\"border-top-primary-small uk-margin-large-bottom\">\n            <p class=\"uk-h3 uk-text-secondary\"><strong>Baumaschinenf\u00fchrer (m\/w\/d)<\/strong><\/p>\n            <p><strong>Standort: Bayern, Berlin, Hessen, Mecklenburg-Vorpommern, Niedersachsen, Rheinland-Pfalz, Sachsen, Th\u00fcringen, Zeulenroda            <\/strong><br>\n            <strong>Offene Stellen: <span class=\"uk-text-primary\">3<\/span><\/strong><br>\n            <strong>Stellenbeschreibung: <a href=\"https:\/\/spie-wirliebenkabel.de\/pl\/stellenangebote\/baumaschinenfuehrer-m-w-d\/\">anzeigen<\/a><\/strong><\/p>\n          <\/div>\n        <\/div><div>\n          <div class=\"border-top-primary-small uk-margin-large-bottom\">\n            <p class=\"uk-h3 uk-text-secondary\"><strong>Werkstudenten IT-Administration (m\/w\/d)<\/strong><\/p>\n            <p><strong>Standort: Zeulenroda            <\/strong><br>\n            <strong>Offene Stellen: <span class=\"uk-text-primary\">1<\/span><\/strong><br>\n            <strong>Stellenbeschreibung: <a href=\"https:\/\/spie-wirliebenkabel.de\/pl\/stellenangebote\/werkstudenten-it-administration-m-w-d\/\">anzeigen<\/a><\/strong><\/p>\n          <\/div>\n        <\/div><\/div>\n<\/div>\n<\/div><\/div><\/div><\/div><\/div><div id=\"pg-3051-2\"  class=\"panel-grid panel-has-style\" ><div class=\"uk-padding-large panel-row-style panel-row-style-for-3051-2\" ><div id=\"pgc-3051-2-0\"  class=\"panel-grid-cell\" ><div id=\"panel-3051-2-0-0\" class=\"so-panel widget widget_sow-editor panel-first-child panel-last-child\" data-index=\"2\" ><div\n\t\t\t\n\t\t\tclass=\"so-widget-sow-editor so-widget-sow-editor-base\"\n\t\t\t\n\t\t>\n<div class=\"siteorigin-widget-tinymce textwidget\">\n\t<h3 style=\"text-align: center;\"><strong>... doch lieber selbst\u00e4ndig und auf eigene Rechnung besch\u00e4ftigt?<br \/>\nDann schau doch mal in unserer \"Nachunternehmerb\u00f6rse\" vorbei!<\/strong><\/h3>\n<p style=\"text-align: center;\"><a class=\"uk-button uk-button-default\" href=\"https:\/\/spie-wirliebenkabel.de\/pl\/przeglad-ofert-podwykonawcy\/\">Zur Nachunternehmerb\u00f6rse<\/a><\/p>\n<\/div>\n<\/div><\/div><\/div><\/div><\/div><div id=\"pg-3051-3\"  class=\"panel-grid panel-has-style\" ><div class=\"uk-background-third uk-light border-top-third siteorigin-panels-stretch panel-row-style panel-row-style-for-3051-3\" id=\"kontakt\" data-stretch-type=\"full\" ><div id=\"pgc-3051-3-0\"  class=\"panel-grid-cell\" ><div id=\"panel-3051-3-0-0\" class=\"so-panel widget widget_sow-image panel-first-child panel-last-child\" data-index=\"3\" ><div\n\t\t\t\n\t\t\tclass=\"so-widget-sow-image so-widget-sow-image-default-8b5b6f678277-4728\"\n\t\t\t\n\t\t>\n<div class=\"sow-image-container\">\n\t\t<img \n\tsrc=\"https:\/\/spie-wirliebenkabel.de\/wp-content\/uploads\/2018\/08\/07_kabel.jpg\" width=\"1200\" height=\"972\" srcset=\"https:\/\/spie-wirliebenkabel.de\/wp-content\/uploads\/2018\/08\/07_kabel.jpg 1200w, https:\/\/spie-wirliebenkabel.de\/wp-content\/uploads\/2018\/08\/07_kabel-960x778.jpg 960w, https:\/\/spie-wirliebenkabel.de\/wp-content\/uploads\/2018\/08\/07_kabel-768x622.jpg 768w, https:\/\/spie-wirliebenkabel.de\/wp-content\/uploads\/2018\/08\/07_kabel-151x122.jpg 151w\" sizes=\"(max-width: 1200px) 100vw, 1200px\" alt=\"\" \t\tclass=\"so-widget-image\"\/>\n\t<\/div>\n\n<\/div><\/div><\/div><div id=\"pgc-3051-3-1\"  class=\"panel-grid-cell\" ><div id=\"panel-3051-3-1-0\" class=\"so-panel widget widget_sow-editor panel-first-child panel-last-child\" data-index=\"4\" ><div class=\"uk-padding panel-widget-style panel-widget-style-for-3051-3-1-0\" ><div\n\t\t\t\n\t\t\tclass=\"so-widget-sow-editor so-widget-sow-editor-base\"\n\t\t\t\n\t\t>\n<div class=\"siteorigin-widget-tinymce textwidget\">\n\t<p class=\"p1 uk-h2 uk-margin-medium\"><b>Wir freuen uns auf dich<br \/>\n<\/b>und deine Bewerbung!<\/p>\n<p><span class=\"uk-text-black uk-text-medium\">Ansprechpartner:<\/span><\/p>\n<p><span class=\"uk-text-medium\"><strong><span class=\"uk-text-black\">Heike Mo\u00dfig<\/span><\/strong><\/span><br \/>\n<span class=\"uk-text-black uk-text-medium\">Recruiting<\/span><\/p>\n<p><span class=\"uk-text-medium\"><strong><span class=\"uk-text-black\">+49 (0) 1511 8279025<\/span><\/strong><\/span><\/p>\n<p><span class=\"uk-text-medium\"><strong>personal-wlk@spie.com<\/strong><\/span><\/p>\n<p><strong><a class=\"uk-button uk-button-primary\" href=\"mailto:personal-wlk@spie.com\">E-Mail-Anfrage<\/a><\/strong><\/p>\n<\/div>\n<\/div><\/div><\/div><\/div><\/div><\/div><\/div>","protected":false},"excerpt":{"rendered":"<p>Wir haben interessante Jobs f\u00fcr Profis und Rookies &#8230; und suchen immer nach alten Hasen und jungen Talenten &#8230; doch lieber selbst\u00e4ndig und auf eigene Rechnung besch\u00e4ftigt? Dann schau doch mal in unserer &#8222;Nachunternehmerb\u00f6rse&#8221; vorbei! Zur Nachunternehmerb\u00f6rse Wir freuen uns auf dich und deine Bewerbung! Ansprechpartner: Heike Mo\u00dfig Recruiting +49 (0) 1511 8279025 personal-wlk@spie.com E-Mail-Anfrage<\/p>\n","protected":false},"author":1,"featured_media":0,"parent":0,"menu_order":0,"comment_status":"closed","ping_status":"closed","template":"","meta":{"_acf_changed":false,"inline_featured_image":false,"footnotes":""},"class_list":["post-3051","page","type-page","status-publish","hentry"],"acf":[],"_links":{"self":[{"href":"https:\/\/spie-wirliebenkabel.de\/pl\/wp-json\/wp\/v2\/pages\/3051","targetHints":{"allow":["GET"]}}],"collection":[{"href":"https:\/\/spie-wirliebenkabel.de\/pl\/wp-json\/wp\/v2\/pages"}],"about":[{"href":"https:\/\/spie-wirliebenkabel.de\/pl\/wp-json\/wp\/v2\/types\/page"}],"author":[{"embeddable":true,"href":"https:\/\/spie-wirliebenkabel.de\/pl\/wp-json\/wp\/v2\/users\/1"}],"replies":[{"embeddable":true,"href":"https:\/\/spie-wirliebenkabel.de\/pl\/wp-json\/wp\/v2\/comments?post=3051"}],"version-history":[{"count":16,"href":"https:\/\/spie-wirliebenkabel.de\/pl\/wp-json\/wp\/v2\/pages\/3051\/revisions"}],"predecessor-version":[{"id":4772,"href":"https:\/\/spie-wirliebenkabel.de\/pl\/wp-json\/wp\/v2\/pages\/3051\/revisions\/4772"}],"wp:attachment":[{"href":"https:\/\/spie-wirliebenkabel.de\/pl\/wp-json\/wp\/v2\/media?parent=3051"}],"curies":[{"name":"wp","href":"https:\/\/api.w.org\/{rel}","templated":true}]}}