{"id":4031,"date":"2018-08-09T16:26:57","date_gmt":"2018-08-09T14:26:57","guid":{"rendered":"https:\/\/spie-wirliebenkabel.de\/uebersicht-jobs-nachunternehmer\/"},"modified":"2023-03-24T22:24:02","modified_gmt":"2023-03-24T21:24:02","slug":"przeglad-ofert-podwykonawcy","status":"publish","type":"page","link":"https:\/\/spie-wirliebenkabel.de\/pl\/przeglad-ofert-podwykonawcy\/","title":{"rendered":"Przegl\u0105d ofert podwykonawcy"},"content":{"rendered":"<div id=\"pl-4031\"  class=\"panel-layout\" ><div id=\"pg-4031-0\"  class=\"panel-grid panel-has-style\" ><div class=\"lsow-dark-bg uk-light siteorigin-panels-stretch panel-row-style panel-row-style-for-4031-0\" data-stretch-type=\"full\" ><div id=\"pgc-4031-0-0\"  class=\"panel-grid-cell\" ><div id=\"panel-4031-0-0-0\" class=\"so-panel widget widget_sow-image panel-first-child panel-last-child\" data-index=\"0\" ><div\n\t\t\t\n\t\t\tclass=\"so-widget-sow-image so-widget-sow-image-default-dbf295114b96-4031\"\n\t\t\t\n\t\t>\n<div class=\"sow-image-container\">\n\t\t<img \n\tsrc=\"https:\/\/spie-wirliebenkabel.de\/wp-content\/uploads\/2022\/02\/05_header_Nachunternehmer.jpg\" width=\"1200\" height=\"800\" srcset=\"https:\/\/spie-wirliebenkabel.de\/wp-content\/uploads\/2022\/02\/05_header_Nachunternehmer.jpg 1200w, https:\/\/spie-wirliebenkabel.de\/wp-content\/uploads\/2022\/02\/05_header_Nachunternehmer-960x640.jpg 960w, https:\/\/spie-wirliebenkabel.de\/wp-content\/uploads\/2022\/02\/05_header_Nachunternehmer-768x512.jpg 768w, https:\/\/spie-wirliebenkabel.de\/wp-content\/uploads\/2022\/02\/05_header_Nachunternehmer-151x101.jpg 151w, https:\/\/spie-wirliebenkabel.de\/wp-content\/uploads\/2022\/02\/05_header_Nachunternehmer-272x182.jpg 272w\" sizes=\"(max-width: 1200px) 100vw, 1200px\" title=\"Nachunternehmer\" alt=\"Nachunternehmer\" \t\tclass=\"so-widget-image\"\/>\n\t<\/div>\n\n<\/div><\/div><\/div><div id=\"pgc-4031-0-1\"  class=\"panel-grid-cell\" ><div id=\"panel-4031-0-1-0\" class=\"so-panel widget widget_sow-editor panel-first-child panel-last-child\" data-index=\"1\" ><div\n\t\t\t\n\t\t\tclass=\"so-widget-sow-editor so-widget-sow-editor-base\"\n\t\t\t\n\t\t>\n<div class=\"siteorigin-widget-tinymce textwidget\">\n\t<h1><strong>Mamy ciekawe zlecenia dla podwykonawc\u00f3w  ...<\/strong> ... i zawsze szukamy do\u015bwiadczonych partner\u00f3w i m\u0142odych zespo\u0142\u00f3w<\/h1>\n<\/div>\n<\/div><\/div><\/div><\/div><\/div><div id=\"pg-4031-1\"  class=\"panel-grid panel-has-style\" ><div class=\"uk-background-muted siteorigin-panels-stretch panel-row-style panel-row-style-for-4031-1\" data-stretch-type=\"full\" ><div id=\"pgc-4031-1-0\"  class=\"panel-grid-cell\" ><div id=\"panel-4031-1-0-0\" class=\"so-panel widget widget_sow-editor panel-first-child\" data-index=\"2\" ><div class=\"border-top-primary-small uk-margin-large-bottom panel-widget-style panel-widget-style-for-4031-1-0-0\" ><div\n\t\t\t\n\t\t\tclass=\"so-widget-sow-editor so-widget-sow-editor-base\"\n\t\t\t\n\t\t>\n<div class=\"siteorigin-widget-tinymce textwidget\">\n\t<p class=\"uk-h3\"><strong class=\"uk-text-secondary\">Zespo\u0142y rob\u00f3t ziemnych, przeci\u0105gania kabli i monta\u017cu \u015bwiat\u0142owod\u00f3w - <span class=\"uk-text-primary\">p\u00f3\u0142noc<\/span><\/strong><\/p>\n<p><strong>Lokalizacja: Niedersachsen, Schleswig-Holstein, Mecklenburg-Vorpommern, Nordrhein-Westfalen<\/strong><br \/>\n<strong>Download:<\/p>\n<p><a class=\"pdf vorn\" href=\"https:\/\/spie-wirliebenkabel.de\/wp-content\/uploads\/2023\/03\/beschreibung-anforderung-tiefbaukolonnen_PL.pdf\" target=\"_blank\" rel=\"noopener\">OPIS W FORMACIE PDF<\/a><\/p>\n<p><a class=\"pdf vorn\" href=\"https:\/\/spie-wirliebenkabel.de\/wp-content\/uploads\/2023\/03\/beschreibung-anforderung-tiefbaukolonnen_PL_TELNR.pdf\">WYMAGANIA W FORMACIE PDF <\/a><br \/>\n<\/strong><\/p>\n<\/div>\n<\/div><\/div><\/div><div id=\"panel-4031-1-0-1\" class=\"so-panel widget widget_sow-editor\" data-index=\"3\" ><div class=\"border-top-primary-small uk-margin-large-bottom panel-widget-style panel-widget-style-for-4031-1-0-1\" ><div\n\t\t\t\n\t\t\tclass=\"so-widget-sow-editor so-widget-sow-editor-base\"\n\t\t\t\n\t\t>\n<div class=\"siteorigin-widget-tinymce textwidget\">\n\t<p class=\"uk-h3\"><strong class=\"uk-text-secondary\">Zespo\u0142y rob\u00f3t ziemnych, przeci\u0105gania kabli i monta\u017cu \u015bwiat\u0142owod\u00f3w - <span class=\"uk-text-primary\">wsch\u00f3d<\/span><\/strong><\/p>\n<p><strong>Lokalizacja: Mecklenburg-Vorpommern, Brandenburg, Sachsen-Anhalt, Sachsen, Th\u00fcringen<\/strong><br \/>\n<strong>Download:<\/p>\n<p><a class=\"pdf vorn\" href=\"https:\/\/spie-wirliebenkabel.de\/wp-content\/uploads\/2023\/03\/beschreibung-anforderung-tiefbaukolonnen_PL.pdf\" target=\"_blank\" rel=\"noopener\">OPIS W FORMACIE PDF<\/a><\/p>\n<p><a class=\"pdf vorn\" href=\"https:\/\/spie-wirliebenkabel.de\/wp-content\/uploads\/2023\/03\/beschreibung-anforderung-tiefbaukolonnen_PL_TELNR.pdf\">WYMAGANIA W FORMACIE PDF <\/a><br \/>\n<\/strong><\/p>\n<\/div>\n<\/div><\/div><\/div><div id=\"panel-4031-1-0-2\" class=\"so-panel widget widget_sow-editor panel-last-child\" data-index=\"4\" ><div class=\"border-top-primary-small uk-margin-large-bottom panel-widget-style panel-widget-style-for-4031-1-0-2\" ><div\n\t\t\t\n\t\t\tclass=\"so-widget-sow-editor so-widget-sow-editor-base\"\n\t\t\t\n\t\t>\n<div class=\"siteorigin-widget-tinymce textwidget\">\n\t<p class=\"uk-h3\"><strong class=\"uk-text-secondary\">Zespo\u0142y rob\u00f3t ziemnych, przeci\u0105gania kabli i monta\u017cu \u015bwiat\u0142owod\u00f3w - <span class=\"uk-text-primary\">centrum<\/span><\/strong><\/p>\n<p><strong>Lokalizacja: Hessen, Sachsen-Anhalt, Th\u00fcringen, Nordrhein-Westfalen<\/strong><br \/>\n<strong>Download:<\/p>\n<p><a class=\"pdf vorn\" href=\"https:\/\/spie-wirliebenkabel.de\/wp-content\/uploads\/2023\/03\/beschreibung-anforderung-tiefbaukolonnen_PL.pdf\" target=\"_blank\" rel=\"noopener\">OPIS W FORMACIE PDF<\/a><\/p>\n<p><a class=\"pdf vorn\" href=\"https:\/\/spie-wirliebenkabel.de\/wp-content\/uploads\/2023\/03\/beschreibung-anforderung-tiefbaukolonnen_PL_TELNR.pdf\">WYMAGANIA W FORMACIE PDF <\/a><br \/>\n<\/strong><\/p>\n<\/div>\n<\/div><\/div><\/div><\/div><div id=\"pgc-4031-1-1\"  class=\"panel-grid-cell\" ><div id=\"panel-4031-1-1-0\" class=\"so-panel widget widget_sow-editor panel-first-child\" data-index=\"5\" ><div class=\"border-top-primary-small uk-margin-large-bottom panel-widget-style panel-widget-style-for-4031-1-1-0\" ><div\n\t\t\t\n\t\t\tclass=\"so-widget-sow-editor so-widget-sow-editor-base\"\n\t\t\t\n\t\t>\n<div class=\"siteorigin-widget-tinymce textwidget\">\n\t<p class=\"uk-h3\"><strong class=\"uk-text-secondary\">Zespo\u0142y rob\u00f3t ziemnych, przeci\u0105gania kabli i monta\u017cu \u015bwiat\u0142owod\u00f3w - <span class=\"uk-text-primary\">zach\u00f3d<\/span><\/strong><\/p>\n<p><strong>Lokalizacja: Hessen, Nordrhein-Westfahlen, Rheinland-Pfalz, Saarland<\/strong><br \/>\n<strong>Download:<\/p>\n<p><a class=\"pdf vorn\" href=\"https:\/\/spie-wirliebenkabel.de\/wp-content\/uploads\/2023\/03\/beschreibung-anforderung-tiefbaukolonnen_PL.pdf\" target=\"_blank\" rel=\"noopener\">OPIS W FORMACIE PDF<\/a><\/p>\n<p><a class=\"pdf vorn\" href=\"https:\/\/spie-wirliebenkabel.de\/wp-content\/uploads\/2023\/03\/beschreibung-anforderung-tiefbaukolonnen_PL_TELNR.pdf\">WYMAGANIA W FORMACIE PDF <\/a><br \/>\n<\/strong><\/p>\n<\/div>\n<\/div><\/div><\/div><div id=\"panel-4031-1-1-1\" class=\"so-panel widget widget_sow-editor panel-last-child\" data-index=\"6\" ><div class=\"border-top-primary-small uk-margin-large-bottom panel-widget-style panel-widget-style-for-4031-1-1-1\" ><div\n\t\t\t\n\t\t\tclass=\"so-widget-sow-editor so-widget-sow-editor-base\"\n\t\t\t\n\t\t>\n<div class=\"siteorigin-widget-tinymce textwidget\">\n\t<p class=\"uk-h3\"><strong class=\"uk-text-secondary\">Zespo\u0142y rob\u00f3t ziemnych, przeci\u0105gania kabli i monta\u017cu \u015bwiat\u0142owod\u00f3w - <span class=\"uk-text-primary\">po\u0142udnie<\/span><\/strong><\/p>\n<p><strong>Lokalizacja:  Bayern, Baden-W\u00fcrtemberg<\/strong><br \/>\n<strong>Download:<\/p>\n<p><a class=\"pdf vorn\" href=\"https:\/\/spie-wirliebenkabel.de\/wp-content\/uploads\/2023\/03\/beschreibung-anforderung-tiefbaukolonnen_PL.pdf\" target=\"_blank\" rel=\"noopener\">OPIS W FORMACIE PDF<\/a><\/p>\n<p><a class=\"pdf vorn\" href=\"https:\/\/spie-wirliebenkabel.de\/wp-content\/uploads\/2023\/03\/beschreibung-anforderung-tiefbaukolonnen_PL_TELNR.pdf\">WYMAGANIA W FORMACIE PDF <\/a><br \/>\n<\/strong><\/p>\n<\/div>\n<\/div><\/div><\/div><\/div><\/div><\/div><div id=\"pg-4031-2\"  class=\"panel-grid panel-has-style\" ><div class=\"uk-background-primary uk-light border-top-primary siteorigin-panels-stretch panel-row-style panel-row-style-for-4031-2\" id=\"kontakt\" data-stretch-type=\"full\" ><div id=\"pgc-4031-2-0\"  class=\"panel-grid-cell\" ><div id=\"panel-4031-2-0-0\" class=\"so-panel widget widget_sow-image panel-first-child panel-last-child\" data-index=\"7\" ><div\n\t\t\t\n\t\t\tclass=\"so-widget-sow-image so-widget-sow-image-default-8b5b6f678277-4031\"\n\t\t\t\n\t\t>\n<div class=\"sow-image-container\">\n\t\t<img \n\tsrc=\"https:\/\/spie-wirliebenkabel.de\/wp-content\/uploads\/2021\/12\/05_CTA_Nachunternehmer.jpg\" width=\"1200\" height=\"972\" srcset=\"https:\/\/spie-wirliebenkabel.de\/wp-content\/uploads\/2021\/12\/05_CTA_Nachunternehmer.jpg 1200w, https:\/\/spie-wirliebenkabel.de\/wp-content\/uploads\/2021\/12\/05_CTA_Nachunternehmer-960x778.jpg 960w, https:\/\/spie-wirliebenkabel.de\/wp-content\/uploads\/2021\/12\/05_CTA_Nachunternehmer-768x622.jpg 768w, https:\/\/spie-wirliebenkabel.de\/wp-content\/uploads\/2021\/12\/05_CTA_Nachunternehmer-151x122.jpg 151w\" sizes=\"(max-width: 1200px) 100vw, 1200px\" alt=\"Nachunternehmer\" \t\tclass=\"so-widget-image\"\/>\n\t<\/div>\n\n<\/div><\/div><\/div><div id=\"pgc-4031-2-1\"  class=\"panel-grid-cell\" ><div id=\"panel-4031-2-1-0\" class=\"so-panel widget widget_sow-editor panel-first-child panel-last-child\" data-index=\"8\" ><div class=\"uk-padding panel-widget-style panel-widget-style-for-4031-2-1-0\" ><div\n\t\t\t\n\t\t\tclass=\"so-widget-sow-editor so-widget-sow-editor-base\"\n\t\t\t\n\t\t>\n<div class=\"siteorigin-widget-tinymce textwidget\">\n\t<p class=\"p1 uk-h2 uk-margin-medium\"><b>Czekamy na Pa\u0144stwa<\/b><br \/>\nzg\u0142oszenia!<\/p>\n<p><span class=\"uk-text-black uk-text-large\">Osoba kontaktowa:<\/span><\/p>\n<p><span class=\"uk-text-large\"><strong><span class=\"uk-text-black\">Thorsten Thiele\u00a0<\/span><\/strong><\/span><br \/>\n<span class=\"uk-text-black uk-text-large\">Kierownik dzia\u0142u zarz\u0105dzania podwykonawcami<\/span><\/p>\n<p><span class=\"uk-text-small\" style=\"color: #000000;\"><span class=\"uk-text-large\"><strong>+49 (0) 171 - 3083129<\/strong><\/span><\/span><\/p>\n<p><span class=\"uk-text-large uk-text-black uk-text-small\"><strong>thorsten.thiele@spie.com<\/strong><\/span><\/p>\n<p><strong><a class=\"uk-button uk-button-primary\" href=\"mailto:g.reifschneider@wirliebenkabel.de\">E-Mail-Anfrage<\/a><\/strong><\/p>\n<\/div>\n<\/div><\/div><\/div><\/div><\/div><\/div><\/div>","protected":false},"excerpt":{"rendered":"<p>Mamy ciekawe zlecenia dla podwykonawc\u00f3w &#8230; &#8230; i zawsze szukamy do\u015bwiadczonych partner\u00f3w i m\u0142odych zespo\u0142\u00f3w Zespo\u0142y rob\u00f3t ziemnych, przeci\u0105gania kabli i monta\u017cu \u015bwiat\u0142owod\u00f3w &#8211; p\u00f3\u0142noc Lokalizacja: Niedersachsen, Schleswig-Holstein, Mecklenburg-Vorpommern, Nordrhein-Westfalen Download: OPIS W FORMACIE PDF WYMAGANIA W FORMACIE PDF Zespo\u0142y rob\u00f3t ziemnych, przeci\u0105gania kabli i monta\u017cu \u015bwiat\u0142owod\u00f3w &#8211; wsch\u00f3d Lokalizacja: Mecklenburg-Vorpommern, Brandenburg, Sachsen-Anhalt, Sachsen, Th\u00fcringen [&hellip;]<\/p>\n","protected":false},"author":1,"featured_media":0,"parent":0,"menu_order":0,"comment_status":"closed","ping_status":"closed","template":"","meta":{"_acf_changed":false,"inline_featured_image":false,"footnotes":""},"class_list":["post-4031","page","type-page","status-publish","hentry"],"acf":[],"_links":{"self":[{"href":"https:\/\/spie-wirliebenkabel.de\/pl\/wp-json\/wp\/v2\/pages\/4031","targetHints":{"allow":["GET"]}}],"collection":[{"href":"https:\/\/spie-wirliebenkabel.de\/pl\/wp-json\/wp\/v2\/pages"}],"about":[{"href":"https:\/\/spie-wirliebenkabel.de\/pl\/wp-json\/wp\/v2\/types\/page"}],"author":[{"embeddable":true,"href":"https:\/\/spie-wirliebenkabel.de\/pl\/wp-json\/wp\/v2\/users\/1"}],"replies":[{"embeddable":true,"href":"https:\/\/spie-wirliebenkabel.de\/pl\/wp-json\/wp\/v2\/comments?post=4031"}],"version-history":[{"count":18,"href":"https:\/\/spie-wirliebenkabel.de\/pl\/wp-json\/wp\/v2\/pages\/4031\/revisions"}],"predecessor-version":[{"id":4565,"href":"https:\/\/spie-wirliebenkabel.de\/pl\/wp-json\/wp\/v2\/pages\/4031\/revisions\/4565"}],"wp:attachment":[{"href":"https:\/\/spie-wirliebenkabel.de\/pl\/wp-json\/wp\/v2\/media?parent=4031"}],"curies":[{"name":"wp","href":"https:\/\/api.w.org\/{rel}","templated":true}]}}